{"id":56,"date":"2024-10-24T08:42:23","date_gmt":"2024-10-24T08:42:23","guid":{"rendered":"https:\/\/www.matsvinnpaschemat.se\/larare\/?page_id=56"},"modified":"2026-03-13T14:15:00","modified_gmt":"2026-03-13T14:15:00","slug":"hem","status":"publish","type":"page","link":"https:\/\/matsvinnpaschemat.se\/larare\/","title":{"rendered":"Lektionsbank som s\u00e4tter Matsvinn p\u00e5 schemat"},"content":{"rendered":"\n<div class=\"wp-block-group alignfull is-style-default is-layout-flow wp-block-group-is-layout-flow\" style=\"margin-top:0;margin-bottom:0;padding-top:var(--wp--preset--spacing--20);padding-right:var(--wp--preset--spacing--50);padding-bottom:var(--wp--preset--spacing--20);padding-left:var(--wp--preset--spacing--50)\">\n<div class=\"wp-block-columns alignwide is-layout-flex wp-container-core-columns-is-layout-1 wp-block-columns-is-layout-flex\" style=\"padding-right:0;padding-left:var(--wp--preset--spacing--70)\">\n<div class=\"wp-block-column is-vertically-aligned-center is-layout-flow wp-container-core-column-is-layout-1 wp-block-column-is-layout-flow\" style=\"flex-basis:40%\">\n<h1 class=\"wp-block-heading\" style=\"font-size:clamp(1.648rem, 1.648rem + ((1vw - 0.2rem) * 1.807), 2.8rem);font-style:normal;font-weight:700\">Lektionsbank som s\u00e4tter Matsvinn p\u00e5 schemat<\/h1>\n\n\n\n<p class=\"has-medium-font-size\">Genom interaktiva \u00f6vningar, arbetsblad och filmer f\u00e5r eleverna kunskap och verktyg. Dessa st\u00e4rker dels h\u00e5llbara matvanor i vardagen, dels f\u00f6rst\u00e5elsen f\u00f6r hur b\u00e5de individuella val och matsystemets strukturer p\u00e5verkar matsvinnet \u2013 lokalt och globalt.<\/p>\n\n\n\n<div class=\"wp-block-buttons is-layout-flex wp-block-buttons-is-layout-flex\">\n<div class=\"wp-block-button\"><a class=\"wp-block-button__link has-accent-2-color has-base-background-color has-text-color has-background has-link-color wp-element-button\" href=\"\/larare\/lektioner\/\" style=\"border-radius:10px\">Hitta lektioner<\/a><\/div>\n\n\n\n<div class=\"wp-block-button\"><a class=\"wp-block-button__link has-base-color has-accent-2-background-color has-text-color has-background has-link-color has-border-color wp-element-button\" href=\"\/larare\/om-matsvinn-pa-schemat\/\" style=\"border-color:#277b7b;border-width:1px;border-radius:10px\">Om Matsvinn p\u00e5 schemat<\/a><\/div>\n<\/div>\n<\/div>\n\n\n\n<div class=\"wp-block-column is-layout-flow wp-block-column-is-layout-flow\" style=\"flex-basis:60%\">\n<figure class=\"wp-block-image size-full\"><img loading=\"lazy\" decoding=\"async\" width=\"2721\" height=\"1723\" src=\"https:\/\/matsvinnpaschemat.se\/larare\/wp-content\/uploads\/sites\/7\/2026\/03\/MPS_banner_beskuren.png\" alt=\"\" class=\"wp-image-3634\" srcset=\"https:\/\/matsvinnpaschemat.se\/larare\/wp-content\/uploads\/sites\/7\/2026\/03\/MPS_banner_beskuren.png 2721w, https:\/\/matsvinnpaschemat.se\/larare\/wp-content\/uploads\/sites\/7\/2026\/03\/MPS_banner_beskuren-300x190.png 300w, https:\/\/matsvinnpaschemat.se\/larare\/wp-content\/uploads\/sites\/7\/2026\/03\/MPS_banner_beskuren-1024x648.png 1024w, https:\/\/matsvinnpaschemat.se\/larare\/wp-content\/uploads\/sites\/7\/2026\/03\/MPS_banner_beskuren-768x486.png 768w, https:\/\/matsvinnpaschemat.se\/larare\/wp-content\/uploads\/sites\/7\/2026\/03\/MPS_banner_beskuren-1536x973.png 1536w, https:\/\/matsvinnpaschemat.se\/larare\/wp-content\/uploads\/sites\/7\/2026\/03\/MPS_banner_beskuren-2048x1297.png 2048w\" sizes=\"auto, (max-width: 2721px) 100vw, 2721px\" \/><\/figure>\n<\/div>\n<\/div>\n<\/div>\n\n\n\n<div class=\"wp-block-group alignfull is-style-default has-global-padding is-layout-constrained wp-block-group-is-layout-constrained\" style=\"margin-top:0;margin-bottom:0;padding-top:var(--wp--preset--spacing--60);padding-bottom:var(--wp--preset--spacing--60)\">\n<div class=\"wp-block-columns alignwide is-layout-flex wp-container-core-columns-is-layout-2 wp-block-columns-is-layout-flex\">\n<div class=\"wp-block-column is-layout-flow wp-block-column-is-layout-flow\" style=\"flex-basis:40%\">\n<figure class=\"wp-block-image size-full\"><img loading=\"lazy\" decoding=\"async\" width=\"833\" height=\"901\" src=\"https:\/\/matsvinnpaschemat.se\/larare\/wp-content\/uploads\/sites\/7\/2026\/02\/MPS_container.png\" alt=\"\" class=\"wp-image-3004\" srcset=\"https:\/\/matsvinnpaschemat.se\/larare\/wp-content\/uploads\/sites\/7\/2026\/02\/MPS_container.png 833w, https:\/\/matsvinnpaschemat.se\/larare\/wp-content\/uploads\/sites\/7\/2026\/02\/MPS_container-277x300.png 277w, https:\/\/matsvinnpaschemat.se\/larare\/wp-content\/uploads\/sites\/7\/2026\/02\/MPS_container-768x831.png 768w\" sizes=\"auto, (max-width: 833px) 100vw, 833px\" \/><\/figure>\n<\/div>\n\n\n\n<div class=\"wp-block-column is-vertically-aligned-center is-layout-flow wp-container-core-column-is-layout-4 wp-block-column-is-layout-flow\" style=\"flex-basis:60%\">\n<h2 class=\"wp-block-heading has-xx-large-font-size\"><br>Varf\u00f6r ska vi l\u00e4ra ut om matsvinn?<\/h2>\n\n\n\n<p class=\"has-medium-font-size\"><strong>Minska klimat- och milj\u00f6p\u00e5verkan<\/strong> \u2013 Matsvinn inneb\u00e4r att mark, vatten, energi och arbetskraft anv\u00e4nds i on\u00f6dan, och bidrar till utsl\u00e4pp av v\u00e4xthusgaser, f\u00f6rlust av biologisk m\u00e5ngfald och \u00f6verutnyttjande av naturresurser. Genom att minska matsvinn i hela matsystemet kan milj\u00f6p\u00e5verkan minska p\u00e5 flera niv\u00e5er.<\/p>\n\n\n\n<p class=\"has-medium-font-size\"><strong>Ekonomiska f\u00f6rdelar<\/strong> \u2013 Matsvinn inneb\u00e4r kostnader f\u00f6r hush\u00e5ll, skolor, f\u00f6retag och samh\u00e4llet i stort. Kunskap om var och varf\u00f6r svinn uppst\u00e5r g\u00f6r det m\u00f6jligt att identifiera b\u00e5de individuella och strukturella \u00e5tg\u00e4rder som kan spara pengar och minska on\u00f6diga f\u00f6rluster.<\/p>\n\n\n\n<p class=\"has-medium-font-size\"><strong>R\u00e4ttvisare livsmedelssystem<\/strong> \u2013 Stora m\u00e4ngder mat g\u00e5r till spillo samtidigt som m\u00e5nga saknar tillg\u00e5ng till mat. Matsvinn synligg\u00f6r oj\u00e4mlikheter i matsystemet \u2013 i produktion, handel, konsumtion och politik \u2013 och visar hur resurser f\u00f6rdelas globalt.<\/p>\n<\/div>\n<\/div>\n<\/div>\n\n\n\n<div class=\"wp-block-group alignfull is-style-section-2 has-custom-color-2-background-color has-background is-layout-flow wp-container-core-group-is-layout-3 wp-block-group-is-layout-flow is-style-section-2--1\" style=\"margin-top:0;margin-bottom:0;padding-top:var(--wp--preset--spacing--70);padding-bottom:var(--wp--preset--spacing--70)\">\n<div class=\"wp-block-buttons wp-container-content-1 is-content-justification-center is-layout-flex wp-container-core-buttons-is-layout-2 wp-block-buttons-is-layout-flex\">\n<div class=\"wp-block-button\"><a class=\"wp-block-button__link has-accent-1-color has-custom-color-4-background-color has-text-color has-background has-link-color wp-element-button\" href=\"\/larare\/category\/lagstadiet-f-3\" style=\"border-radius:10px;padding-top:var(--wp--preset--spacing--30);padding-right:var(--wp--preset--spacing--30);padding-bottom:var(--wp--preset--spacing--30);padding-left:var(--wp--preset--spacing--30)\">L\u00e5gstadiet F-3<\/a><\/div>\n\n\n\n<div class=\"wp-block-button\"><a class=\"wp-block-button__link has-accent-1-color has-accent-3-background-color has-text-color has-background has-link-color wp-element-button\" href=\"\/larare\/category\/mellanstadiet-4-6\/\" style=\"border-radius:10px;padding-top:var(--wp--preset--spacing--30);padding-right:var(--wp--preset--spacing--30);padding-bottom:var(--wp--preset--spacing--30);padding-left:var(--wp--preset--spacing--30)\">Mellanstadiet 4-6<\/a><\/div>\n\n\n\n<div class=\"wp-block-button\"><a class=\"wp-block-button__link has-accent-1-color has-custom-color-6-background-color has-text-color has-background has-link-color wp-element-button\" href=\"\/larare\/category\/hogstadiet-7-9\" style=\"border-radius:10px;padding-top:var(--wp--preset--spacing--30);padding-right:var(--wp--preset--spacing--30);padding-bottom:var(--wp--preset--spacing--30);padding-left:var(--wp--preset--spacing--30)\">H\u00f6gstadiet 7-9<\/a><\/div>\n\n\n\n<div class=\"wp-block-button\"><a class=\"wp-block-button__link has-accent-1-color has-custom-color-7-background-color has-text-color has-background has-link-color wp-element-button\" href=\"\/larare\/category\/gymnasiet\" style=\"border-radius:10px;padding-top:var(--wp--preset--spacing--30);padding-right:var(--wp--preset--spacing--30);padding-bottom:var(--wp--preset--spacing--30);padding-left:var(--wp--preset--spacing--30)\">Gymnasiet<\/a><\/div>\n\n\n\n<div class=\"wp-block-button\"><a class=\"wp-block-button__link has-accent-1-color has-custom-color-8-background-color has-text-color has-background has-link-color wp-element-button\" href=\"\/larare\/lektioner\" style=\"border-radius:10px;padding-top:var(--wp--preset--spacing--30);padding-right:var(--wp--preset--spacing--30);padding-bottom:var(--wp--preset--spacing--30);padding-left:var(--wp--preset--spacing--30)\">Alla lektioner<\/a><\/div>\n<\/div>\n<\/div>\n\n\n\n<div class=\"wp-block-group alignfull has-custom-color-3-background-color has-background has-global-padding is-layout-constrained wp-container-core-group-is-layout-14 wp-block-group-is-layout-constrained\" style=\"border-radius:0px;padding-top:var(--wp--preset--spacing--60);padding-right:var(--wp--preset--spacing--60);padding-bottom:var(--wp--preset--spacing--60);padding-left:var(--wp--preset--spacing--60)\">\n<div class=\"wp-block-query alignwide is-layout-flow wp-block-query-is-layout-flow\">\n<div class=\"wp-block-columns are-vertically-aligned-center is-layout-flex wp-container-core-columns-is-layout-3 wp-block-columns-is-layout-flex\">\n<div class=\"wp-block-column is-vertically-aligned-center is-layout-flow wp-block-column-is-layout-flow\" style=\"flex-basis:66.66%\">\n<h2 class=\"wp-block-heading has-x-large-font-size\">Senaste lektioner<\/h2>\n<\/div>\n\n\n\n<div class=\"wp-block-column is-vertically-aligned-center has-global-padding is-content-justification-right is-layout-constrained wp-container-core-column-is-layout-6 wp-block-column-is-layout-constrained\" style=\"flex-basis:33.33%\">\n<p class=\"has-text-align-right has-nunito-sans-font-family\" style=\"font-style:normal;font-weight:700\"><a href=\"\/larare\/lektioner\/\">Visa alla lektioner<\/a><\/p>\n<\/div>\n<\/div>\n\n\n\n<div style=\"height:32px\" aria-hidden=\"true\" class=\"wp-block-spacer\"><\/div>\n\n\n\n<div class=\"wp-block-group is-layout-flow wp-block-group-is-layout-flow\" style=\"padding-top:0;padding-bottom:0\"><ul class=\"columns-3 wp-block-post-template is-layout-grid wp-container-core-post-template-is-layout-1 wp-block-post-template-is-layout-grid\"><li class=\"wp-block-post post-3789 post type-post status-publish format-standard has-post-thumbnail hentry category-gymnasiet tag-engelska\">\n\n<div class=\"wp-block-group has-accent-2-background-color has-background is-layout-grid wp-container-core-group-is-layout-6 wp-block-group-is-layout-grid\" style=\"border-style:none;border-width:0px;border-radius:10px;min-height:620px;padding-top:0;padding-right:0;padding-bottom:0;padding-left:0;box-shadow:var(--wp--preset--shadow--shadow-1)\">\n<div class=\"wp-block-group is-vertical is-layout-flex wp-container-core-group-is-layout-4 wp-block-group-is-layout-flex\" style=\"padding-top:var(--wp--preset--spacing--40);padding-right:var(--wp--preset--spacing--40);padding-bottom:var(--wp--preset--spacing--40);padding-left:var(--wp--preset--spacing--40)\"><div class=\"taxonomy-category is-style-post-terms-1 is-style-post-terms-1--3 wp-block-post-terms\"><a href=\"https:\/\/matsvinnpaschemat.se\/larare\/category\/gymnasiet\/\" rel=\"tag\">Gymnasiet<\/a><\/div>\n\n<h2 style=\"font-style:normal;font-weight:700;\" class=\"wp-block-post-title\"><a href=\"https:\/\/matsvinnpaschemat.se\/larare\/follow-the-food\/\" target=\"_self\" >Follow the food<\/a><\/h2>\n\n<figure style=\"aspect-ratio:3\/2;\" class=\"wp-block-post-featured-image\"><a href=\"https:\/\/matsvinnpaschemat.se\/larare\/follow-the-food\/\" target=\"_self\"  ><img loading=\"lazy\" decoding=\"async\" width=\"901\" height=\"550\" src=\"https:\/\/matsvinnpaschemat.se\/larare\/wp-content\/uploads\/sites\/7\/2026\/04\/Lektionskort_G_Follow-the-food.jpg\" class=\"attachment-post-thumbnail size-post-thumbnail wp-post-image\" alt=\"Follow the food\" style=\"width:100%;height:100%;object-fit:cover;\" srcset=\"https:\/\/matsvinnpaschemat.se\/larare\/wp-content\/uploads\/sites\/7\/2026\/04\/Lektionskort_G_Follow-the-food.jpg 901w, https:\/\/matsvinnpaschemat.se\/larare\/wp-content\/uploads\/sites\/7\/2026\/04\/Lektionskort_G_Follow-the-food-300x183.jpg 300w, https:\/\/matsvinnpaschemat.se\/larare\/wp-content\/uploads\/sites\/7\/2026\/04\/Lektionskort_G_Follow-the-food-768x469.jpg 768w\" sizes=\"auto, (max-width: 901px) 100vw, 901px\" \/><\/a><\/figure><\/div>\n\n\n\n<div class=\"wp-block-group is-layout-flow wp-container-core-group-is-layout-5 wp-block-group-is-layout-flow\" style=\"padding-top:var(--wp--preset--spacing--40);padding-right:var(--wp--preset--spacing--40);padding-bottom:var(--wp--preset--spacing--40);padding-left:var(--wp--preset--spacing--40)\">\n<div style=\"height:2px\" aria-hidden=\"true\" class=\"wp-block-spacer\"><\/div>\n\n\n<div style=\"font-style:normal;font-weight:600\" class=\"taxonomy-post_tag has-link-color is-style-post-terms-1 wp-elements-554011930e248c653af51c2e08a92b33 is-style-post-terms-1--4 wp-block-post-terms has-text-color has-contrast-color has-small-font-size\"><a href=\"https:\/\/matsvinnpaschemat.se\/larare\/tag\/engelska\/\" rel=\"tag\">Engelska<\/a><\/div>\n\n\n<div style=\"height:16px\" aria-hidden=\"true\" class=\"wp-block-spacer\"><\/div>\n\n\n<div class=\"has-link-color wp-elements-c6c6e5b29e5de57ddff4bd5c25c76ff5 wp-block-post-excerpt has-medium-font-size\"><p class=\"wp-block-post-excerpt__excerpt\">I denna lektion f\u00e5r eleverna utforska det globala matsystemet och n\u00e5gra av dess utmaningar, genom att titta p\u00e5 och diskutera valda avsnitt fr\u00e5n BBC:s serie Follow the food. <a class=\"wp-block-post-excerpt__more-link\" href=\"https:\/\/matsvinnpaschemat.se\/larare\/follow-the-food\/\">L\u00e4s mer.<\/a><\/p><\/div><\/div>\n<\/div>\n\n<\/li><li class=\"wp-block-post post-3718 post type-post status-publish format-standard has-post-thumbnail hentry category-gymnasiet tag-geografi tag-naturkunskap\">\n\n<div class=\"wp-block-group has-accent-2-background-color has-background is-layout-grid wp-container-core-group-is-layout-9 wp-block-group-is-layout-grid\" style=\"border-style:none;border-width:0px;border-radius:10px;min-height:620px;padding-top:0;padding-right:0;padding-bottom:0;padding-left:0;box-shadow:var(--wp--preset--shadow--shadow-1)\">\n<div class=\"wp-block-group is-vertical is-layout-flex wp-container-core-group-is-layout-7 wp-block-group-is-layout-flex\" style=\"padding-top:var(--wp--preset--spacing--40);padding-right:var(--wp--preset--spacing--40);padding-bottom:var(--wp--preset--spacing--40);padding-left:var(--wp--preset--spacing--40)\"><div class=\"taxonomy-category is-style-post-terms-1 is-style-post-terms-1--5 wp-block-post-terms\"><a href=\"https:\/\/matsvinnpaschemat.se\/larare\/category\/gymnasiet\/\" rel=\"tag\">Gymnasiet<\/a><\/div>\n\n<h2 style=\"font-style:normal;font-weight:700;\" class=\"wp-block-post-title\"><a href=\"https:\/\/matsvinnpaschemat.se\/larare\/froerna-och-maten\/\" target=\"_self\" >Fr\u00f6erna och maten<\/a><\/h2>\n\n<figure style=\"aspect-ratio:3\/2;\" class=\"wp-block-post-featured-image\"><a href=\"https:\/\/matsvinnpaschemat.se\/larare\/froerna-och-maten\/\" target=\"_self\"  ><img loading=\"lazy\" decoding=\"async\" width=\"901\" height=\"550\" src=\"https:\/\/matsvinnpaschemat.se\/larare\/wp-content\/uploads\/sites\/7\/2026\/03\/Lektionskort_G_Froerna-och-maten.jpg\" class=\"attachment-post-thumbnail size-post-thumbnail wp-post-image\" alt=\"Fr\u00f6erna och maten\" style=\"width:100%;height:100%;object-fit:cover;\" srcset=\"https:\/\/matsvinnpaschemat.se\/larare\/wp-content\/uploads\/sites\/7\/2026\/03\/Lektionskort_G_Froerna-och-maten.jpg 901w, https:\/\/matsvinnpaschemat.se\/larare\/wp-content\/uploads\/sites\/7\/2026\/03\/Lektionskort_G_Froerna-och-maten-300x183.jpg 300w, https:\/\/matsvinnpaschemat.se\/larare\/wp-content\/uploads\/sites\/7\/2026\/03\/Lektionskort_G_Froerna-och-maten-768x469.jpg 768w\" sizes=\"auto, (max-width: 901px) 100vw, 901px\" \/><\/a><\/figure><\/div>\n\n\n\n<div class=\"wp-block-group is-layout-flow wp-container-core-group-is-layout-8 wp-block-group-is-layout-flow\" style=\"padding-top:var(--wp--preset--spacing--40);padding-right:var(--wp--preset--spacing--40);padding-bottom:var(--wp--preset--spacing--40);padding-left:var(--wp--preset--spacing--40)\">\n<div style=\"height:2px\" aria-hidden=\"true\" class=\"wp-block-spacer\"><\/div>\n\n\n<div style=\"font-style:normal;font-weight:600\" class=\"taxonomy-post_tag has-link-color is-style-post-terms-1 wp-elements-554011930e248c653af51c2e08a92b33 is-style-post-terms-1--6 wp-block-post-terms has-text-color has-contrast-color has-small-font-size\"><a href=\"https:\/\/matsvinnpaschemat.se\/larare\/tag\/geografi\/\" rel=\"tag\">Geografi<\/a><span class=\"wp-block-post-terms__separator\"> <\/span><a href=\"https:\/\/matsvinnpaschemat.se\/larare\/tag\/naturkunskap\/\" rel=\"tag\">Naturkunskap<\/a><\/div>\n\n\n<div style=\"height:16px\" aria-hidden=\"true\" class=\"wp-block-spacer\"><\/div>\n\n\n<div class=\"has-link-color wp-elements-c6c6e5b29e5de57ddff4bd5c25c76ff5 wp-block-post-excerpt has-medium-font-size\"><p class=\"wp-block-post-excerpt__excerpt\">Eleverna f\u00e5r l\u00e4ra sig mer om fr\u00f6ernas roll i det globala livsmedelssystemet och de utmaningar som finns med hur fr\u00f6er idag produceras och s\u00e4ljs. <a class=\"wp-block-post-excerpt__more-link\" href=\"https:\/\/matsvinnpaschemat.se\/larare\/froerna-och-maten\/\">L\u00e4s mer.<\/a><\/p><\/div><\/div>\n<\/div>\n\n<\/li><li class=\"wp-block-post post-3714 post type-post status-publish format-standard has-post-thumbnail hentry category-hogstadiet-7-9 tag-spel\">\n\n<div class=\"wp-block-group has-accent-2-background-color has-background is-layout-grid wp-container-core-group-is-layout-12 wp-block-group-is-layout-grid\" style=\"border-style:none;border-width:0px;border-radius:10px;min-height:620px;padding-top:0;padding-right:0;padding-bottom:0;padding-left:0;box-shadow:var(--wp--preset--shadow--shadow-1)\">\n<div class=\"wp-block-group is-vertical is-layout-flex wp-container-core-group-is-layout-10 wp-block-group-is-layout-flex\" style=\"padding-top:var(--wp--preset--spacing--40);padding-right:var(--wp--preset--spacing--40);padding-bottom:var(--wp--preset--spacing--40);padding-left:var(--wp--preset--spacing--40)\"><div class=\"taxonomy-category is-style-post-terms-1 is-style-post-terms-1--7 wp-block-post-terms\"><a href=\"https:\/\/matsvinnpaschemat.se\/larare\/category\/hogstadiet-7-9\/\" rel=\"tag\">H\u00f6gstadiet 7-9<\/a><\/div>\n\n<h2 style=\"font-style:normal;font-weight:700;\" class=\"wp-block-post-title\"><a href=\"https:\/\/matsvinnpaschemat.se\/larare\/matsvinnsbingo-h\/\" target=\"_self\" >Matsvinnsbingo<\/a><\/h2>\n\n<figure style=\"aspect-ratio:3\/2;\" class=\"wp-block-post-featured-image\"><a href=\"https:\/\/matsvinnpaschemat.se\/larare\/matsvinnsbingo-h\/\" target=\"_self\"  ><img loading=\"lazy\" decoding=\"async\" width=\"901\" height=\"551\" src=\"https:\/\/matsvinnpaschemat.se\/larare\/wp-content\/uploads\/sites\/7\/2025\/06\/Lektionskort_L-M-H-G_Matsvinnsbingo.jpg\" class=\"attachment-post-thumbnail size-post-thumbnail wp-post-image\" alt=\"Matsvinnsbingo\" style=\"width:100%;height:100%;object-fit:cover;\" srcset=\"https:\/\/matsvinnpaschemat.se\/larare\/wp-content\/uploads\/sites\/7\/2025\/06\/Lektionskort_L-M-H-G_Matsvinnsbingo.jpg 901w, https:\/\/matsvinnpaschemat.se\/larare\/wp-content\/uploads\/sites\/7\/2025\/06\/Lektionskort_L-M-H-G_Matsvinnsbingo-300x183.jpg 300w, https:\/\/matsvinnpaschemat.se\/larare\/wp-content\/uploads\/sites\/7\/2025\/06\/Lektionskort_L-M-H-G_Matsvinnsbingo-768x470.jpg 768w\" sizes=\"auto, (max-width: 901px) 100vw, 901px\" \/><\/a><\/figure><\/div>\n\n\n\n<div class=\"wp-block-group is-layout-flow wp-container-core-group-is-layout-11 wp-block-group-is-layout-flow\" style=\"padding-top:var(--wp--preset--spacing--40);padding-right:var(--wp--preset--spacing--40);padding-bottom:var(--wp--preset--spacing--40);padding-left:var(--wp--preset--spacing--40)\">\n<div style=\"height:2px\" aria-hidden=\"true\" class=\"wp-block-spacer\"><\/div>\n\n\n<div style=\"font-style:normal;font-weight:600\" class=\"taxonomy-post_tag has-link-color is-style-post-terms-1 wp-elements-554011930e248c653af51c2e08a92b33 is-style-post-terms-1--8 wp-block-post-terms has-text-color has-contrast-color has-small-font-size\"><a href=\"https:\/\/matsvinnpaschemat.se\/larare\/tag\/spel\/\" rel=\"tag\">Spel<\/a><\/div>\n\n\n<div style=\"height:16px\" aria-hidden=\"true\" class=\"wp-block-spacer\"><\/div>\n\n\n<div class=\"has-link-color wp-elements-c6c6e5b29e5de57ddff4bd5c25c76ff5 wp-block-post-excerpt has-medium-font-size\"><p class=\"wp-block-post-excerpt__excerpt\">Detta \u00e4r ett spel d\u00e4r eleverna under en given tidsperiod spelar bingo genom att g\u00f6ra uppgifterna p\u00e5 brickan som handlar om mat och matsvinn. <a class=\"wp-block-post-excerpt__more-link\" href=\"https:\/\/matsvinnpaschemat.se\/larare\/matsvinnsbingo-h\/\">L\u00e4s mer.<\/a><\/p><\/div><\/div>\n<\/div>\n\n<\/li><\/ul><\/div>\n<\/div>\n<\/div>\n\n\n\n<div class=\"wp-block-columns alignwide has-accent-2-color has-contrast-background-color has-text-color has-background has-link-color wp-elements-0438b249a4b3cd727df3c07fb6f99437 is-layout-flex wp-container-core-columns-is-layout-4 wp-block-columns-is-layout-flex\" style=\"border-radius:16px;margin-top:var(--wp--preset--spacing--80);margin-bottom:var(--wp--preset--spacing--80);padding-top:var(--wp--preset--spacing--40);padding-bottom:var(--wp--preset--spacing--40)\">\n<div class=\"wp-block-column is-vertically-aligned-center is-layout-flow wp-block-column-is-layout-flow\" style=\"flex-basis:66%\">\n<h2 class=\"wp-block-heading has-accent-2-color has-text-color has-link-color wp-elements-63655373c8f34119094667cf1d0d22ea\">Hitta tillbaka till dina favoritlektioner<\/h2>\n\n\n\n<p class=\"has-medium-font-size\">Tips! Bokm\u00e4rk sidan i din webbl\u00e4sare f\u00f6r att enkelt hitta tillbaka, p\u00e5 s\u00e5 s\u00e4tt finns Matsvinn p\u00e5 schemat alltid n\u00e4ra till hands.<\/p>\n<\/div>\n\n\n\n<div class=\"wp-block-column is-vertically-aligned-center is-layout-flow wp-block-column-is-layout-flow\" style=\"flex-basis:33%\">\n<figure class=\"wp-block-image size-full\"><img loading=\"lazy\" decoding=\"async\" width=\"560\" height=\"267\" src=\"https:\/\/matsvinnpaschemat.se\/larare\/wp-content\/uploads\/sites\/7\/2024\/11\/Frame-102.png\" alt=\"\" class=\"wp-image-156\" srcset=\"https:\/\/matsvinnpaschemat.se\/larare\/wp-content\/uploads\/sites\/7\/2024\/11\/Frame-102.png 560w, https:\/\/matsvinnpaschemat.se\/larare\/wp-content\/uploads\/sites\/7\/2024\/11\/Frame-102-300x143.png 300w\" sizes=\"auto, (max-width: 560px) 100vw, 560px\" \/><\/figure>\n<\/div>\n<\/div>\n","protected":false},"excerpt":{"rendered":"<p>Lektionsbank som s\u00e4tter Matsvinn p\u00e5 schemat Genom interaktiva \u00f6vningar, arbetsblad och filmer f\u00e5r eleverna kunskap och verktyg. Dessa st\u00e4rker dels h\u00e5llbara matvanor i vardagen, dels f\u00f6rst\u00e5elsen f\u00f6r hur b\u00e5de individuella val och matsystemets strukturer p\u00e5verkar matsvinnet \u2013 lokalt och globalt. Varf\u00f6r ska vi l\u00e4ra ut om matsvinn? Minska klimat- och milj\u00f6p\u00e5verkan \u2013 Matsvinn inneb\u00e4r att [&hellip;]<\/p>\n","protected":false},"author":1,"featured_media":0,"parent":0,"menu_order":0,"comment_status":"closed","ping_status":"closed","template":"","meta":{"_monsterinsights_skip_tracking":false,"_monsterinsights_sitenote_active":false,"_monsterinsights_sitenote_note":"","_monsterinsights_sitenote_category":0,"footnotes":""},"class_list":["post-56","page","type-page","status-publish","hentry"],"aioseo_notices":[],"_links":{"self":[{"href":"https:\/\/matsvinnpaschemat.se\/larare\/wp-json\/wp\/v2\/pages\/56","targetHints":{"allow":["GET"]}}],"collection":[{"href":"https:\/\/matsvinnpaschemat.se\/larare\/wp-json\/wp\/v2\/pages"}],"about":[{"href":"https:\/\/matsvinnpaschemat.se\/larare\/wp-json\/wp\/v2\/types\/page"}],"author":[{"embeddable":true,"href":"https:\/\/matsvinnpaschemat.se\/larare\/wp-json\/wp\/v2\/users\/1"}],"replies":[{"embeddable":true,"href":"https:\/\/matsvinnpaschemat.se\/larare\/wp-json\/wp\/v2\/comments?post=56"}],"version-history":[{"count":144,"href":"https:\/\/matsvinnpaschemat.se\/larare\/wp-json\/wp\/v2\/pages\/56\/revisions"}],"predecessor-version":[{"id":3728,"href":"https:\/\/matsvinnpaschemat.se\/larare\/wp-json\/wp\/v2\/pages\/56\/revisions\/3728"}],"wp:attachment":[{"href":"https:\/\/matsvinnpaschemat.se\/larare\/wp-json\/wp\/v2\/media?parent=56"}],"curies":[{"name":"wp","href":"https:\/\/api.w.org\/{rel}","templated":true}]}}