{"id":2266,"date":"2025-10-13T09:45:33","date_gmt":"2025-10-13T09:45:33","guid":{"rendered":"https:\/\/www.matsvinnpaschemat.se\/larare\/?page_id=2266"},"modified":"2026-02-23T13:03:23","modified_gmt":"2026-02-23T13:03:23","slug":"antibiotikaresistens","status":"publish","type":"page","link":"https:\/\/matsvinnpaschemat.se\/larare\/antibiotikaresistens\/","title":{"rendered":"Antibiotikaresistens"},"content":{"rendered":"\n<h1 class=\"wp-block-heading\">Antibiotikaresistens<\/h1>\n\n\n\n<p>Antibiotika \u00e4r ett l\u00e4kemedel som r\u00e4ddat otaliga liv. Men med \u00f6kad anv\u00e4ndning, och felaktig anv\u00e4ndning, har ocks\u00e5 antibiotikaresistens blivit ett allt st\u00f6rre problem. Antibiotikaresistens inneb\u00e4r att bakterier f\u00f6r\u00e4ndras s\u00e5 att de inte l\u00e4ngre p\u00e5verkas av antibiotika Detta \u00e4r ett allvarligt hot mot folkh\u00e4lsan globalt s\u00e5v\u00e4l som nationellt. Resistenta bakterier kan \u00f6verf\u00f6ras mellan m\u00e4nniskor, djur, livsmedel och milj\u00f6n. Ett s\u00e4tt att motverka resistens \u00e4r att bara anv\u00e4nda antibiotika i de fall det verkligen beh\u00f6vs.<\/p>\n\n\n\n<div class=\"wp-block-group is-layout-grid wp-container-core-group-is-layout-1 wp-block-group-is-layout-grid\" style=\"padding-bottom:var(--wp--preset--spacing--30)\">\n<p>Inom livsmedelsindustrin anv\u00e4nds antibiotika ibland f\u00f6r att fr\u00e4mja tillv\u00e4xten hos friska djur. Detta f\u00f6rbj\u00f6ds i Sverige redan 1986, och i EU 2006. Tack vare stark lagstiftning \u00e4r Sverige ett av de l\u00e4nder i Europa som har l\u00e4gst antibiotikaanv\u00e4ndning inom livsmedelsproduktionen. I m\u00e5nga andra delar av v\u00e4rlden \u00e4r det dock vanligt att hela djurgrupper behandlas med antibiotika i f\u00f6rebyggande syfte, snarare \u00e4n att behandla ett enskilt, sjukt djur. Djur som f\u00f6ds upp under intensiv produktion f\u00e5r ofta betydligt mer antibiotika \u00e4n djur som f\u00f6ds upp under mindre effektiva f\u00f6rh\u00e5llanden. Forskare uppskattar att 70 % av antibiotikaanv\u00e4ndningen i v\u00e4rlden g\u00e5r till djur och att mer antibiotika ges till friska djur \u00e4n till sjuka m\u00e4nniskor.<\/p>\n\n\n\n<figure class=\"wp-block-image size-full wp-container-content-1\"><img loading=\"lazy\" decoding=\"async\" width=\"395\" height=\"395\" src=\"https:\/\/matsvinnpaschemat.se\/larare\/wp-content\/uploads\/sites\/7\/2026\/02\/spruta_70-edited-1.png\" alt=\"\" class=\"wp-image-3460\" style=\"object-fit:cover\" srcset=\"https:\/\/matsvinnpaschemat.se\/larare\/wp-content\/uploads\/sites\/7\/2026\/02\/spruta_70-edited-1.png 395w, https:\/\/matsvinnpaschemat.se\/larare\/wp-content\/uploads\/sites\/7\/2026\/02\/spruta_70-edited-1-300x300.png 300w, https:\/\/matsvinnpaschemat.se\/larare\/wp-content\/uploads\/sites\/7\/2026\/02\/spruta_70-edited-1-150x150.png 150w\" sizes=\"auto, (max-width: 395px) 100vw, 395px\" \/><\/figure>\n<\/div>\n\n\n\n<hr class=\"wp-block-separator has-alpha-channel-opacity\"\/>\n\n\n\n<div class=\"wp-block-group is-vertical is-layout-flex wp-container-core-group-is-layout-2 wp-block-group-is-layout-flex\" style=\"padding-top:var(--wp--preset--spacing--30)\">\n<h2 class=\"wp-block-heading\"><span style=\"text-decoration: underline;\">K\u00e4llor<\/span><\/h2>\n\n\n\n<p><a href=\"https:\/\/www.folkhalsomyndigheten.se\/smittskydd-beredskap\/antibiotika-och-antibiotikaresistens\/#:~:text=Antibiotikaresistens%20inneb%C3%A4r%20att%20bakterier%20utvecklar,i%20Sverige%20och%20i%20v%C3%A4rlden\">https:\/\/www.folkhalsomyndigheten.se\/smittskydd-beredskap\/antibiotika-och-antibiotikaresistens\/<\/a><\/p>\n\n\n\n<p><a href=\"https:\/\/jordbruksverket.se\/djur\/djurskydd-smittskydd-djurhalsa-och-folkhalsa\/antibiotikaresistens\">https:\/\/jordbruksverket.se\/djur\/djurskydd-smittskydd-djurhalsa-och-folkhalsa\/antibiotikaresistens<\/a><\/p>\n\n\n\n<p><a href=\"https:\/\/www.sva.se\/media\/t0ipam3i\/svakom215-antibiotika-och-djur-i-eu-2023-uppdat.pdf\">https:\/\/www.sva.se\/media\/t0ipam3i\/svakom215-antibiotika-och-djur-i-eu-2023-uppdat.pdf<\/a><\/p>\n\n\n\n<p><a href=\"https:\/\/www.ema.europa.eu\/en\/documents\/report\/sales-veterinary-antimicrobial-agents-31-european-countries-2022-trends-2010-2022-thirteenth-esvac-report_en.pdf\">https:\/\/www.ema.europa.eu\/en\/documents\/report\/sales-veterinary-antimicrobial-agents-31-european-countries-2022-trends-2010-2022-thirteenth-esvac-report_en.pdf<\/a><\/p>\n\n\n\n<p><a href=\"https:\/\/ourworldindata.org\/antibiotics-livestock\">https:\/\/ourworldindata.org\/antibiotics-livestock<\/a><\/p>\n\n\n\n<p><a href=\"https:\/\/www.svenskdagligvaruhandel.se\/wp-content\/uploads\/SOU2022-43.pdf#:~:text=P%C3%A5%20global%20niv%C3%A5%20anv%C3%A4nds%20i%20dag%20mer,m%C3%A4nniskor%2C%20b%C3%A5de%20direkt%20och%20indirekt%20via%20milj%C3%B6n\">https:\/\/www.svenskdagligvaruhandel.se\/wp-content\/uploads\/SOU2022-43.pdf<\/a>.<\/p>\n<\/div>\n","protected":false},"excerpt":{"rendered":"<p>Antibiotikaresistens Antibiotika \u00e4r ett l\u00e4kemedel som r\u00e4ddat otaliga liv. Men med \u00f6kad anv\u00e4ndning, och felaktig anv\u00e4ndning, har ocks\u00e5 antibiotikaresistens blivit ett allt st\u00f6rre problem. Antibiotikaresistens inneb\u00e4r att bakterier f\u00f6r\u00e4ndras s\u00e5 att de inte l\u00e4ngre p\u00e5verkas av antibiotika Detta \u00e4r ett allvarligt hot mot folkh\u00e4lsan globalt s\u00e5v\u00e4l som nationellt. Resistenta bakterier kan \u00f6verf\u00f6ras mellan m\u00e4nniskor, djur, [&hellip;]<\/p>\n","protected":false},"author":3,"featured_media":0,"parent":0,"menu_order":0,"comment_status":"closed","ping_status":"closed","template":"","meta":{"_monsterinsights_skip_tracking":false,"_monsterinsights_sitenote_active":false,"_monsterinsights_sitenote_note":"","_monsterinsights_sitenote_category":0,"footnotes":""},"class_list":["post-2266","page","type-page","status-publish","hentry"],"aioseo_notices":[],"_links":{"self":[{"href":"https:\/\/matsvinnpaschemat.se\/larare\/wp-json\/wp\/v2\/pages\/2266","targetHints":{"allow":["GET"]}}],"collection":[{"href":"https:\/\/matsvinnpaschemat.se\/larare\/wp-json\/wp\/v2\/pages"}],"about":[{"href":"https:\/\/matsvinnpaschemat.se\/larare\/wp-json\/wp\/v2\/types\/page"}],"author":[{"embeddable":true,"href":"https:\/\/matsvinnpaschemat.se\/larare\/wp-json\/wp\/v2\/users\/3"}],"replies":[{"embeddable":true,"href":"https:\/\/matsvinnpaschemat.se\/larare\/wp-json\/wp\/v2\/comments?post=2266"}],"version-history":[{"count":6,"href":"https:\/\/matsvinnpaschemat.se\/larare\/wp-json\/wp\/v2\/pages\/2266\/revisions"}],"predecessor-version":[{"id":3462,"href":"https:\/\/matsvinnpaschemat.se\/larare\/wp-json\/wp\/v2\/pages\/2266\/revisions\/3462"}],"wp:attachment":[{"href":"https:\/\/matsvinnpaschemat.se\/larare\/wp-json\/wp\/v2\/media?parent=2266"}],"curies":[{"name":"wp","href":"https:\/\/api.w.org\/{rel}","templated":true}]}}