{"id":2265,"date":"2025-10-13T09:38:02","date_gmt":"2025-10-13T09:38:02","guid":{"rendered":"https:\/\/www.matsvinnpaschemat.se\/larare\/?page_id=2265"},"modified":"2026-02-23T13:00:03","modified_gmt":"2026-02-23T13:00:03","slug":"markanvandning","status":"publish","type":"page","link":"https:\/\/matsvinnpaschemat.se\/larare\/markanvandning\/","title":{"rendered":"Markanv\u00e4ndning"},"content":{"rendered":"\n<h1 class=\"wp-block-heading\">Markanv\u00e4ndning<\/h1>\n\n\n\n<p>F\u00f6r att producera mat kr\u00e4vs jordbruksmark av god kvalitet. Ett intensivt jordbruk med stora monokulturer riskerar att utarma jorden och&nbsp; minska dess produktivitet. Samtidigt st\u00e5r vi inf\u00f6r en framtid med en v\u00e4xande global befolkning, vilket \u00f6kar behovet av b\u00e5de matproduktion och bost\u00e4der. Men vi har bara ett jordklot &#8211; hur ska vi f\u00e5 plats?<\/p>\n\n\n\n<p style=\"padding-bottom:var(--wp--preset--spacing--30)\">Om vi blir b\u00e4ttre p\u00e5 att ta tillvara p\u00e5 all mat minskar behovet av stora ytor. Uppskattningar visar att ytan det kr\u00e4vs f\u00f6r att producera all mat som blir matsvinn tar upp en tredjedel av v\u00e4rldens \u00e5kermarker.<\/p>\n\n\n\n<hr class=\"wp-block-separator has-alpha-channel-opacity\"\/>\n\n\n\n<div class=\"wp-block-group is-vertical is-layout-flex wp-container-core-group-is-layout-1 wp-block-group-is-layout-flex\" style=\"padding-top:var(--wp--preset--spacing--30);padding-bottom:var(--wp--preset--spacing--30)\">\n<h2 class=\"wp-block-heading\"><span style=\"text-decoration: underline;\">K\u00e4llor<\/span><\/h2>\n\n\n\n<p><a href=\"https:\/\/unric.org\/sv\/varlden-slosar-bort-over-1-miljard-maltider-om-dagen\/#:~:text=Hush%C3%A5ll%20p%C3%A5%20alla%20kontinenter%20globalt%20sl%C3%B6sade%20bort,inf%C3%B6r%20den%20Internationella%20dagen%20f%C3%B6r%20noll%20avfall\">https:\/\/unric.org\/sv\/varlden-slosar-bort-over-1-miljard-maltider-om-dagen\/<\/a><\/p>\n<\/div>\n","protected":false},"excerpt":{"rendered":"<p>Markanv\u00e4ndning F\u00f6r att producera mat kr\u00e4vs jordbruksmark av god kvalitet. Ett intensivt jordbruk med stora monokulturer riskerar att utarma jorden och&nbsp; minska dess produktivitet. Samtidigt st\u00e5r vi inf\u00f6r en framtid med en v\u00e4xande global befolkning, vilket \u00f6kar behovet av b\u00e5de matproduktion och bost\u00e4der. Men vi har bara ett jordklot &#8211; hur ska vi f\u00e5 plats? [&hellip;]<\/p>\n","protected":false},"author":3,"featured_media":0,"parent":0,"menu_order":0,"comment_status":"closed","ping_status":"closed","template":"","meta":{"_monsterinsights_skip_tracking":false,"_monsterinsights_sitenote_active":false,"_monsterinsights_sitenote_note":"","_monsterinsights_sitenote_category":0,"footnotes":""},"class_list":["post-2265","page","type-page","status-publish","hentry"],"aioseo_notices":[],"_links":{"self":[{"href":"https:\/\/matsvinnpaschemat.se\/larare\/wp-json\/wp\/v2\/pages\/2265","targetHints":{"allow":["GET"]}}],"collection":[{"href":"https:\/\/matsvinnpaschemat.se\/larare\/wp-json\/wp\/v2\/pages"}],"about":[{"href":"https:\/\/matsvinnpaschemat.se\/larare\/wp-json\/wp\/v2\/types\/page"}],"author":[{"embeddable":true,"href":"https:\/\/matsvinnpaschemat.se\/larare\/wp-json\/wp\/v2\/users\/3"}],"replies":[{"embeddable":true,"href":"https:\/\/matsvinnpaschemat.se\/larare\/wp-json\/wp\/v2\/comments?post=2265"}],"version-history":[{"count":4,"href":"https:\/\/matsvinnpaschemat.se\/larare\/wp-json\/wp\/v2\/pages\/2265\/revisions"}],"predecessor-version":[{"id":3453,"href":"https:\/\/matsvinnpaschemat.se\/larare\/wp-json\/wp\/v2\/pages\/2265\/revisions\/3453"}],"wp:attachment":[{"href":"https:\/\/matsvinnpaschemat.se\/larare\/wp-json\/wp\/v2\/media?parent=2265"}],"curies":[{"name":"wp","href":"https:\/\/api.w.org\/{rel}","templated":true}]}}