{"id":2261,"date":"2025-10-13T09:35:04","date_gmt":"2025-10-13T09:35:04","guid":{"rendered":"https:\/\/www.matsvinnpaschemat.se\/larare\/?page_id=2261"},"modified":"2026-02-23T12:57:24","modified_gmt":"2026-02-23T12:57:24","slug":"biologisk-mangfald","status":"publish","type":"page","link":"https:\/\/matsvinnpaschemat.se\/larare\/biologisk-mangfald\/","title":{"rendered":"Biologisk m\u00e5ngfald"},"content":{"rendered":"\n<h1 class=\"wp-block-heading\">Biologisk m\u00e5ngfald<\/h1>\n\n\n\n<p>Biologisk m\u00e5ngfald inneb\u00e4r att det finns en stor variation av naturtyper, djur- och v\u00e4xtarter samt genetisk variation inom arterna. Det g\u00e4ller b\u00e5de vilda arter och djur som anv\u00e4nds inom jordbruket.<\/p>\n\n\n\n<div class=\"wp-block-group is-layout-grid wp-container-core-group-is-layout-1 wp-block-group-is-layout-grid\">\n<p>Vi m\u00e4nniskor \u00e4r beroende av de ekosystemtj\u00e4nster som naturen ger oss &#8211; ren luft, rent vatten, mat och r\u00e5varor som beh\u00f6vs bl.a. i medicinska syften. Biologisk m\u00e5ngfald \u00e4r en grundf\u00f6ruts\u00e4ttning f\u00f6r att dessa ekosystemtj\u00e4nster ska fungera v\u00e4l. St\u00f6rre biologisk m\u00e5ngfald ger ett mer robust ekosystem. Ett mer robust ekosystem skyddar oss b\u00e4ttre mot klimatf\u00f6r\u00e4ndringar, spridning av f\u00f6roreningar och spridning av sjukdomar. F\u00f6rutom att v\u00e5r existens \u00e4r beroende av den biologiska m\u00e5ngfalden har naturen ocks\u00e5 ett egenv\u00e4rde, varje art och varje individ (m\u00e4nniska, v\u00e4xt, djur eller mikroorganism) har r\u00e4tt att finnas. Idag hotas fler arter \u00e4n n\u00e5gonsin av utrotning och v\u00e5rt s\u00e4tt att leva \u00e4r en av orsakerna.&nbsp;<\/p>\n\n\n\n<figure class=\"wp-block-image size-large\"><img loading=\"lazy\" decoding=\"async\" width=\"937\" height=\"1024\" src=\"https:\/\/matsvinnpaschemat.se\/larare\/wp-content\/uploads\/sites\/7\/2026\/02\/teveronika_hundkex-937x1024.png\" alt=\"\" class=\"wp-image-3445\" srcset=\"https:\/\/matsvinnpaschemat.se\/larare\/wp-content\/uploads\/sites\/7\/2026\/02\/teveronika_hundkex-937x1024.png 937w, https:\/\/matsvinnpaschemat.se\/larare\/wp-content\/uploads\/sites\/7\/2026\/02\/teveronika_hundkex-275x300.png 275w, https:\/\/matsvinnpaschemat.se\/larare\/wp-content\/uploads\/sites\/7\/2026\/02\/teveronika_hundkex-768x839.png 768w, https:\/\/matsvinnpaschemat.se\/larare\/wp-content\/uploads\/sites\/7\/2026\/02\/teveronika_hundkex.png 1196w\" sizes=\"auto, (max-width: 937px) 100vw, 937px\" \/><\/figure>\n<\/div>\n\n\n\n<p>Varf\u00f6r \u00e4r den biologiska m\u00e5ngfalden viktig f\u00f6r v\u00e5rt livsmedelssystem? Det globala livsmedelssystemet \u00e4r beroende av pollinat\u00f6rer som pollinerar gr\u00f6dor, maskar och mikroorganismer som g\u00f6r jorden b\u00f6rdig och insekter som h\u00e5ller o\u00f6nskade skadedjur borta. Trots detta \u00e4r v\u00e5rt s\u00e4tt att producera mat ett hot mot den biologiska m\u00e5ngfalden.&nbsp;<\/p>\n\n\n\n<p>Ett allt mer effektivt jordbruk med stora monokulturer (d\u00e4r endast en gr\u00f6da odlas) leder till f\u00e4rre livsmilj\u00f6er och d\u00e4rmed minskad biologisk m\u00e5ngfald. Anv\u00e4ndning av bek\u00e4mpningsmedel \u00e4r ett annat stort hot. Att bara odla en typ av gr\u00f6da \u00e4r effektivt men risken f\u00f6r spridning av sjukdomar och skadedjursangrepp \u00e4r st\u00f6rre \u00e4n om flera gr\u00f6dor odlas, d\u00e4rf\u00f6r \u00e4r anv\u00e4ndningen av bek\u00e4mpningsmedel h\u00f6gre i monokulturer. Odling av monokulturer f\u00f6rs\u00e4mrar dessutom jordkvaliteten och m\u00f6jligheten att odla p\u00e5 samma jord i framtiden.<\/p>\n\n\n\n<p style=\"padding-bottom:var(--wp--preset--spacing--30)\">\u00d6verexploatering av arter \u00e4r ett annat hot mot den biologiska m\u00e5ngfalden. Fisken i v\u00e5ra hav \u00e4r ett s\u00e5dant exempel. \u00d6ver en tredjedel av havens fiskbest\u00e5nd uts\u00e4tts idag f\u00f6r \u00f6verfiske, och vissa f\u00e5ngstmetoder, d\u00e4r bif\u00e5ngsten \u00e4r stor, \u00e4r ett hot mot den biologiska m\u00e5ngfalden.&nbsp;<\/p>\n\n\n\n<hr class=\"wp-block-separator has-alpha-channel-opacity\"\/>\n\n\n\n<div class=\"wp-block-group is-vertical is-layout-flex wp-container-core-group-is-layout-2 wp-block-group-is-layout-flex\" style=\"padding-top:var(--wp--preset--spacing--30)\">\n<h2 class=\"wp-block-heading\"><span style=\"text-decoration: underline;\">K\u00e4llor<\/span><\/h2>\n\n\n\n<p><a href=\"https:\/\/www.naturvardsverket.se\/amnesomraden\/biologisk-mangfald\/hot-mot-den-biologiska-mangfalden\">https:\/\/www.naturvardsverket.se\/amnesomraden\/biologisk-mangfald\/hot-mot-den-biologiska-mangfalden<\/a><\/p>\n\n\n\n<p><a href=\"https:\/\/www.naturvardsverket.se\/amnesomraden\/pollinering\/vilda-pollinatorer-och-pollinering\/pollineringen-ar-hotad\">https:\/\/www.naturvardsverket.se\/amnesomraden\/pollinering\/vilda-pollinatorer-och-pollinering\/pollineringen-ar-hotad<\/a><\/p>\n\n\n\n<p><a href=\"https:\/\/projects.research-and-innovation.ec.europa.eu\/en\/horizon-magazine\/rise-and-fall-monoculture-farming\">https:\/\/projects.research-and-innovation.ec.europa.eu\/en\/horizon-magazine\/rise-and-fall-monoculture-farming<\/a><\/p>\n\n\n\n<p><a href=\"https:\/\/www.msc.org\/se\/vad-vi-gor\/vara-hav-ar-i-fara\/biodiversitet-och-fiske\">https:\/\/www.msc.org\/se\/vad-vi-gor\/vara-hav-ar-i-fara\/biodiversitet-och-fiske<\/a><\/p>\n<\/div>\n","protected":false},"excerpt":{"rendered":"<p>Biologisk m\u00e5ngfald Biologisk m\u00e5ngfald inneb\u00e4r att det finns en stor variation av naturtyper, djur- och v\u00e4xtarter samt genetisk variation inom arterna. Det g\u00e4ller b\u00e5de vilda arter och djur som anv\u00e4nds inom jordbruket. Vi m\u00e4nniskor \u00e4r beroende av de ekosystemtj\u00e4nster som naturen ger oss &#8211; ren luft, rent vatten, mat och r\u00e5varor som beh\u00f6vs bl.a. i [&hellip;]<\/p>\n","protected":false},"author":3,"featured_media":0,"parent":0,"menu_order":0,"comment_status":"closed","ping_status":"closed","template":"","meta":{"_monsterinsights_skip_tracking":false,"_monsterinsights_sitenote_active":false,"_monsterinsights_sitenote_note":"","_monsterinsights_sitenote_category":0,"footnotes":""},"class_list":["post-2261","page","type-page","status-publish","hentry"],"aioseo_notices":[],"_links":{"self":[{"href":"https:\/\/matsvinnpaschemat.se\/larare\/wp-json\/wp\/v2\/pages\/2261","targetHints":{"allow":["GET"]}}],"collection":[{"href":"https:\/\/matsvinnpaschemat.se\/larare\/wp-json\/wp\/v2\/pages"}],"about":[{"href":"https:\/\/matsvinnpaschemat.se\/larare\/wp-json\/wp\/v2\/types\/page"}],"author":[{"embeddable":true,"href":"https:\/\/matsvinnpaschemat.se\/larare\/wp-json\/wp\/v2\/users\/3"}],"replies":[{"embeddable":true,"href":"https:\/\/matsvinnpaschemat.se\/larare\/wp-json\/wp\/v2\/comments?post=2261"}],"version-history":[{"count":4,"href":"https:\/\/matsvinnpaschemat.se\/larare\/wp-json\/wp\/v2\/pages\/2261\/revisions"}],"predecessor-version":[{"id":3448,"href":"https:\/\/matsvinnpaschemat.se\/larare\/wp-json\/wp\/v2\/pages\/2261\/revisions\/3448"}],"wp:attachment":[{"href":"https:\/\/matsvinnpaschemat.se\/larare\/wp-json\/wp\/v2\/media?parent=2261"}],"curies":[{"name":"wp","href":"https:\/\/api.w.org\/{rel}","templated":true}]}}