{"id":2219,"date":"2025-10-09T11:52:13","date_gmt":"2025-10-09T11:52:13","guid":{"rendered":"https:\/\/www.matsvinnpaschemat.se\/larare\/?page_id=2219"},"modified":"2026-02-20T12:35:57","modified_gmt":"2026-02-20T12:35:57","slug":"nagra-ord-om-datan","status":"publish","type":"page","link":"https:\/\/matsvinnpaschemat.se\/larare\/nagra-ord-om-datan\/","title":{"rendered":"N\u00e5gra ord om datan"},"content":{"rendered":"\n<h1 class=\"wp-block-heading\">N\u00e5gra ord om datan<\/h1>\n\n\n\n<p>Projektet <em><a href=\"http:\/\/atbart.org\/matsvinn-pa-schemat\">Matsvinn p\u00e5 schemat<\/a> <\/em>p\u00e5gick under perioden 2024-2026. All data som anv\u00e4nds i v\u00e5rt lektionssmaterial \u00e4r, i den m\u00e5n det \u00e4r m\u00f6jligt, den senast tillg\u00e4ngliga informationen.&nbsp;<\/p>\n\n\n\n<p>Matsvinn \u00e4r dock ett omr\u00e5de i st\u00e4ndig utveckling. Nya m\u00e4tningar, uppdateringar och forskningsresultat tillkommer kontinuerligt. Det inneb\u00e4r att siffror och fakta i materialet s\u00e5 sm\u00e5ningom kan komma att ers\u00e4ttas av nyare, mer aktuell data. Det inneb\u00e4r ocks\u00e5 att vissa l\u00e4nkar som anges som k\u00e4llor med tiden kan upph\u00f6ra att fungera. P\u00e5 <a href=\"https:\/\/atbart.org\/\">\u00c4tbart<\/a> arbetar vi l\u00f6pande f\u00f6r att h\u00e5lla allt material s\u00e5 uppdaterat som m\u00f6jligt, men en viss f\u00f6rdr\u00f6jning kan f\u00f6rekomma.\u00a0<\/p>\n\n\n\n<p>F\u00f6r den allra senaste statistiken rekommenderar vi att du bes\u00f6ker <a href=\"https:\/\/www.livsmedelsverket.se\/\"><span style=\"text-decoration: underline\">Livsmedelsverket <\/span><\/a>och <a href=\"https:\/\/www.naturvardsverket.se\/\"><span style=\"text-decoration: underline\">Naturv\u00e5rdsverket<\/span><\/a>.<\/p>\n\n\n\n<p><\/p>\n","protected":false},"excerpt":{"rendered":"<p>N\u00e5gra ord om datan Projektet Matsvinn p\u00e5 schemat p\u00e5gick under perioden 2024-2026. All data som anv\u00e4nds i v\u00e5rt lektionssmaterial \u00e4r, i den m\u00e5n det \u00e4r m\u00f6jligt, den senast tillg\u00e4ngliga informationen.&nbsp; Matsvinn \u00e4r dock ett omr\u00e5de i st\u00e4ndig utveckling. Nya m\u00e4tningar, uppdateringar och forskningsresultat tillkommer kontinuerligt. Det inneb\u00e4r att siffror och fakta i materialet s\u00e5 sm\u00e5ningom [&hellip;]<\/p>\n","protected":false},"author":3,"featured_media":0,"parent":0,"menu_order":0,"comment_status":"closed","ping_status":"closed","template":"","meta":{"_monsterinsights_skip_tracking":false,"_monsterinsights_sitenote_active":false,"_monsterinsights_sitenote_note":"","_monsterinsights_sitenote_category":0,"footnotes":""},"class_list":["post-2219","page","type-page","status-publish","hentry"],"aioseo_notices":[],"_links":{"self":[{"href":"https:\/\/matsvinnpaschemat.se\/larare\/wp-json\/wp\/v2\/pages\/2219","targetHints":{"allow":["GET"]}}],"collection":[{"href":"https:\/\/matsvinnpaschemat.se\/larare\/wp-json\/wp\/v2\/pages"}],"about":[{"href":"https:\/\/matsvinnpaschemat.se\/larare\/wp-json\/wp\/v2\/types\/page"}],"author":[{"embeddable":true,"href":"https:\/\/matsvinnpaschemat.se\/larare\/wp-json\/wp\/v2\/users\/3"}],"replies":[{"embeddable":true,"href":"https:\/\/matsvinnpaschemat.se\/larare\/wp-json\/wp\/v2\/comments?post=2219"}],"version-history":[{"count":4,"href":"https:\/\/matsvinnpaschemat.se\/larare\/wp-json\/wp\/v2\/pages\/2219\/revisions"}],"predecessor-version":[{"id":3386,"href":"https:\/\/matsvinnpaschemat.se\/larare\/wp-json\/wp\/v2\/pages\/2219\/revisions\/3386"}],"wp:attachment":[{"href":"https:\/\/matsvinnpaschemat.se\/larare\/wp-json\/wp\/v2\/media?parent=2219"}],"curies":[{"name":"wp","href":"https:\/\/api.w.org\/{rel}","templated":true}]}}