{"id":2202,"date":"2025-10-09T11:36:27","date_gmt":"2025-10-09T11:36:27","guid":{"rendered":"https:\/\/www.matsvinnpaschemat.se\/larare\/?page_id=2202"},"modified":"2026-02-23T12:33:23","modified_gmt":"2026-02-23T12:33:23","slug":"vanliga-orsaker-till-matsvinn","status":"publish","type":"page","link":"https:\/\/matsvinnpaschemat.se\/larare\/vanliga-orsaker-till-matsvinn\/","title":{"rendered":"Vanliga orsaker till matsvinn"},"content":{"rendered":"\n<h1 class=\"wp-block-heading\">Vanliga orsaker till matsvinn<\/h1>\n\n\n\n<div class=\"wp-block-group is-nowrap is-layout-flex wp-container-core-group-is-layout-2 wp-block-group-is-layout-flex\" style=\"padding-top:var(--wp--preset--spacing--30);padding-bottom:var(--wp--preset--spacing--30)\">\n<div class=\"wp-block-group is-vertical is-layout-flex wp-container-core-group-is-layout-1 wp-block-group-is-layout-flex\">\n<h2 class=\"wp-block-heading\">I hush\u00e5llen<\/h2>\n\n\n\n<p>Att fullt \u00e4tbar mat sl\u00e4ngs i hemmen beror p\u00e5 flera saker:<\/p>\n\n\n\n<ul class=\"wp-block-list\">\n<li>att maten upplevs som ofr\u00e4sch<\/li>\n\n\n\n<li>passerat b\u00e4st f\u00f6re-datum<\/li>\n\n\n\n<li>oro f\u00f6r att bli sjuk av maten (\u201ctar det s\u00e4kra f\u00f6re det os\u00e4kra\u201d)<\/li>\n\n\n\n<li>tillagat f\u00f6r mycket mat<\/li>\n\n\n\n<li>tagit mer \u00e4n man orkat \u00e4ta p\u00e5 tallriken<\/li>\n\n\n\n<li>k\u00f6pt f\u00f6r mycket mat<\/li>\n\n\n\n<li>felaktig f\u00f6rvaring av livsmedel<\/li>\n\n\n\n<li>mat som gl\u00f6ms bort<\/li>\n<\/ul>\n<\/div>\n\n\n\n<figure class=\"wp-block-image size-full\"><img loading=\"lazy\" decoding=\"async\" width=\"585\" height=\"662\" src=\"https:\/\/matsvinnpaschemat.se\/larare\/wp-content\/uploads\/sites\/7\/2026\/02\/MPS_skrapa_tallrik.png\" alt=\"\" class=\"wp-image-3419\" srcset=\"https:\/\/matsvinnpaschemat.se\/larare\/wp-content\/uploads\/sites\/7\/2026\/02\/MPS_skrapa_tallrik.png 585w, https:\/\/matsvinnpaschemat.se\/larare\/wp-content\/uploads\/sites\/7\/2026\/02\/MPS_skrapa_tallrik-265x300.png 265w\" sizes=\"auto, (max-width: 585px) 100vw, 585px\" \/><\/figure>\n<\/div>\n\n\n\n<div class=\"wp-block-group is-nowrap is-layout-flex wp-container-core-group-is-layout-4 wp-block-group-is-layout-flex\" style=\"padding-top:var(--wp--preset--spacing--30);padding-bottom:var(--wp--preset--spacing--30)\">\n<div class=\"wp-block-group is-vertical is-layout-flex wp-container-core-group-is-layout-3 wp-block-group-is-layout-flex\">\n<h2 class=\"wp-block-heading\">I skolk\u00f6k<\/h2>\n\n\n\n<p>Det finns flera orsaker bakom matsvinnet i skolk\u00f6ken:<\/p>\n\n\n\n<ul class=\"wp-block-list\">\n<li>bristande kommunikation mellan k\u00f6k och skola g\u00e4llande antalet \u00e4tande<\/li>\n\n\n\n<li>st\u00f6kiga m\u00e5ltidsmilj\u00f6er (h\u00f6g ljudniv\u00e5 eller f\u00f6r lite tid att \u00e4ta, vilket g\u00f6r att eleverna tar mer \u00e4n de hinner eller orkar \u00e4ta upp)<\/li>\n\n\n\n<li>k\u00f6ken, i huvudsak mottagningsk\u00f6k saknar plats f\u00f6r att ta tillvara p\u00e5 och anv\u00e4nda rester&nbsp;<\/li>\n\n\n\n<li>att flera olika lunchalternativ serveras<\/li>\n<\/ul>\n<\/div>\n\n\n\n<figure class=\"wp-block-image size-large\"><img loading=\"lazy\" decoding=\"async\" width=\"836\" height=\"1024\" src=\"https:\/\/matsvinnpaschemat.se\/larare\/wp-content\/uploads\/sites\/7\/2026\/02\/MPS_elev_tar_mat_3-836x1024.png\" alt=\"\" class=\"wp-image-3417\" srcset=\"https:\/\/matsvinnpaschemat.se\/larare\/wp-content\/uploads\/sites\/7\/2026\/02\/MPS_elev_tar_mat_3-836x1024.png 836w, https:\/\/matsvinnpaschemat.se\/larare\/wp-content\/uploads\/sites\/7\/2026\/02\/MPS_elev_tar_mat_3-245x300.png 245w, https:\/\/matsvinnpaschemat.se\/larare\/wp-content\/uploads\/sites\/7\/2026\/02\/MPS_elev_tar_mat_3-768x941.png 768w, https:\/\/matsvinnpaschemat.se\/larare\/wp-content\/uploads\/sites\/7\/2026\/02\/MPS_elev_tar_mat_3.png 861w\" sizes=\"auto, (max-width: 836px) 100vw, 836px\" \/><\/figure>\n<\/div>\n\n\n\n<hr class=\"wp-block-separator has-alpha-channel-opacity\"\/>\n\n\n\n<div class=\"wp-block-group is-vertical is-layout-flex wp-container-core-group-is-layout-5 wp-block-group-is-layout-flex\" style=\"padding-top:var(--wp--preset--spacing--40);padding-bottom:var(--wp--preset--spacing--40)\">\n<h2 class=\"wp-block-heading\"><span style=\"text-decoration: underline;\">K\u00e4llor<\/span><\/h2>\n\n\n\n<p><a href=\"https:\/\/www.naturvardsverket.se\/49501f\/globalassets\/media\/publikationer-pdf\/8900\/978-91-620-8908-5.pdf\">https:\/\/www.naturvardsverket.se\/49501f\/globalassets\/media\/publikationer-pdf\/8900\/978-91-620-8908-5.pdf<\/a><\/p>\n\n\n\n<p><a href=\"https:\/\/www.livsmedelsverket.se\/globalassets\/publikationsdatabas\/broschyrer-foldrar\/riktlinjer-for-maltider-i-skolan.pdf\">https:\/\/www.livsmedelsverket.se\/globalassets\/publikationsdatabas\/broschyrer-foldrar\/riktlinjer-for-maltider-i-skolan.pdf<\/a><\/p>\n\n\n\n<p><a href=\"https:\/\/gupea.ub.gu.se\/bitstream\/handle\/2077\/53448\/gupea_2077_53448_1.pdf?sequence=1\">https:\/\/gupea.ub.gu.se\/bitstream\/handle\/2077\/53448\/gupea_2077_53448_1.pdf?sequence=1<\/a><\/p>\n\n\n\n<p><a href=\"https:\/\/publications.slu.se\/?file=publ\/show&amp;id=77390\">https:\/\/publications.slu.se\/?file=publ\/show&amp;id=77390<\/a><\/p>\n<\/div>\n","protected":false},"excerpt":{"rendered":"<p>Vanliga orsaker till matsvinn I hush\u00e5llen Att fullt \u00e4tbar mat sl\u00e4ngs i hemmen beror p\u00e5 flera saker: I skolk\u00f6k Det finns flera orsaker bakom matsvinnet i skolk\u00f6ken: K\u00e4llor https:\/\/www.naturvardsverket.se\/49501f\/globalassets\/media\/publikationer-pdf\/8900\/978-91-620-8908-5.pdf https:\/\/www.livsmedelsverket.se\/globalassets\/publikationsdatabas\/broschyrer-foldrar\/riktlinjer-for-maltider-i-skolan.pdf https:\/\/gupea.ub.gu.se\/bitstream\/handle\/2077\/53448\/gupea_2077_53448_1.pdf?sequence=1 https:\/\/publications.slu.se\/?file=publ\/show&amp;id=77390<\/p>\n","protected":false},"author":3,"featured_media":0,"parent":0,"menu_order":0,"comment_status":"closed","ping_status":"closed","template":"","meta":{"_monsterinsights_skip_tracking":false,"_monsterinsights_sitenote_active":false,"_monsterinsights_sitenote_note":"","_monsterinsights_sitenote_category":0,"footnotes":""},"class_list":["post-2202","page","type-page","status-publish","hentry"],"aioseo_notices":[],"_links":{"self":[{"href":"https:\/\/matsvinnpaschemat.se\/larare\/wp-json\/wp\/v2\/pages\/2202","targetHints":{"allow":["GET"]}}],"collection":[{"href":"https:\/\/matsvinnpaschemat.se\/larare\/wp-json\/wp\/v2\/pages"}],"about":[{"href":"https:\/\/matsvinnpaschemat.se\/larare\/wp-json\/wp\/v2\/types\/page"}],"author":[{"embeddable":true,"href":"https:\/\/matsvinnpaschemat.se\/larare\/wp-json\/wp\/v2\/users\/3"}],"replies":[{"embeddable":true,"href":"https:\/\/matsvinnpaschemat.se\/larare\/wp-json\/wp\/v2\/comments?post=2202"}],"version-history":[{"count":4,"href":"https:\/\/matsvinnpaschemat.se\/larare\/wp-json\/wp\/v2\/pages\/2202\/revisions"}],"predecessor-version":[{"id":3422,"href":"https:\/\/matsvinnpaschemat.se\/larare\/wp-json\/wp\/v2\/pages\/2202\/revisions\/3422"}],"wp:attachment":[{"href":"https:\/\/matsvinnpaschemat.se\/larare\/wp-json\/wp\/v2\/media?parent=2202"}],"curies":[{"name":"wp","href":"https:\/\/api.w.org\/{rel}","templated":true}]}}