{"id":2122,"date":"2025-10-06T09:48:46","date_gmt":"2025-10-06T09:48:46","guid":{"rendered":"https:\/\/www.matsvinnpaschemat.se\/larare\/?page_id=2122"},"modified":"2026-03-16T10:58:31","modified_gmt":"2026-03-16T10:58:31","slug":"testhemsida","status":"publish","type":"page","link":"https:\/\/matsvinnpaschemat.se\/larare\/testhemsida\/","title":{"rendered":"Testhemsida"},"content":{"rendered":"\n<h1 class=\"wp-block-heading\">Beta lansering av hemsida<\/h1>\n\n\n\n<p><em>Matsvinn p\u00e5 schemats<\/em> hemsida beta-lanserades den 17:e mars 2026 och \u00e4r under testning fram till lansering strax innan terminstart HT26. Detta betyder till exempel att sidorna kan inneh\u00e5lla stavfel, ha fel rubrik- eller bildstorlek, inte vara helt mobilanpassad eller ha en betaversion av lektionsmaterialet. F\u00f6r lektionsmaterialet kan detta inneb\u00e4ra t.ex. att arbetsblad inte \u00e4r skrivbara, att extra elevmaterial saknas (t.ex. ords\u00f6ksuppgifter), eller att mindre \u00e4ndringar g\u00f6rs i l\u00e4rarhandledningarna.<\/p>\n\n\n\n<hr class=\"wp-block-separator has-alpha-channel-opacity\"\/>\n\n\n\n<p>Vi ber er ha \u00f6verseende med detta till vidare men om ni ser n\u00e5got tokigt f\u00e5r ni g\u00e4rna maila <a href=\"mailto:zuni.v.catalan@atbart.org\">zuni.v.catalan@atbart.org<\/a> eller anv\u00e4nd v\u00e5rt <a href=\"https:\/\/matsvinnpaschemat.se\/larare\/kontakta-oss\/\" data-type=\"page\" data-id=\"1934\">kontaktformul\u00e4r<\/a>.<\/p>\n\n\n\n<hr class=\"wp-block-separator has-alpha-channel-opacity\"\/>\n\n\n\n<p>Vi uppdaterar kontinuerligt hemsidan s\u00e5 nya lektioner och sidor tillkommer allt eftersom de blir klara.<\/p>\n\n\n\n<p><\/p>\n","protected":false},"excerpt":{"rendered":"<p>Beta lansering av hemsida Matsvinn p\u00e5 schemats hemsida beta-lanserades den 17:e mars 2026 och \u00e4r under testning fram till lansering strax innan terminstart HT26. Detta betyder till exempel att sidorna kan inneh\u00e5lla stavfel, ha fel rubrik- eller bildstorlek, inte vara helt mobilanpassad eller ha en betaversion av lektionsmaterialet. F\u00f6r lektionsmaterialet kan detta inneb\u00e4ra t.ex. att [&hellip;]<\/p>\n","protected":false},"author":3,"featured_media":0,"parent":0,"menu_order":0,"comment_status":"closed","ping_status":"closed","template":"","meta":{"_monsterinsights_skip_tracking":false,"_monsterinsights_sitenote_active":false,"_monsterinsights_sitenote_note":"","_monsterinsights_sitenote_category":0,"footnotes":""},"class_list":["post-2122","page","type-page","status-publish","hentry"],"aioseo_notices":[],"_links":{"self":[{"href":"https:\/\/matsvinnpaschemat.se\/larare\/wp-json\/wp\/v2\/pages\/2122","targetHints":{"allow":["GET"]}}],"collection":[{"href":"https:\/\/matsvinnpaschemat.se\/larare\/wp-json\/wp\/v2\/pages"}],"about":[{"href":"https:\/\/matsvinnpaschemat.se\/larare\/wp-json\/wp\/v2\/types\/page"}],"author":[{"embeddable":true,"href":"https:\/\/matsvinnpaschemat.se\/larare\/wp-json\/wp\/v2\/users\/3"}],"replies":[{"embeddable":true,"href":"https:\/\/matsvinnpaschemat.se\/larare\/wp-json\/wp\/v2\/comments?post=2122"}],"version-history":[{"count":3,"href":"https:\/\/matsvinnpaschemat.se\/larare\/wp-json\/wp\/v2\/pages\/2122\/revisions"}],"predecessor-version":[{"id":3758,"href":"https:\/\/matsvinnpaschemat.se\/larare\/wp-json\/wp\/v2\/pages\/2122\/revisions\/3758"}],"wp:attachment":[{"href":"https:\/\/matsvinnpaschemat.se\/larare\/wp-json\/wp\/v2\/media?parent=2122"}],"curies":[{"name":"wp","href":"https:\/\/api.w.org\/{rel}","templated":true}]}}