{"id":2039,"date":"2025-09-24T12:25:07","date_gmt":"2025-09-24T12:25:07","guid":{"rendered":"https:\/\/www.matsvinnpaschemat.se\/larare\/?page_id=2039"},"modified":"2026-02-23T12:42:28","modified_gmt":"2026-02-23T12:42:28","slug":"matsvinn-och-matavfall","status":"publish","type":"page","link":"https:\/\/matsvinnpaschemat.se\/larare\/matsvinn-och-matavfall\/","title":{"rendered":"Matsvinn och matavfall"},"content":{"rendered":"\n<h1 class=\"wp-block-heading\">Matsvinn och matavfall<\/h1>\n\n\n\n<p style=\"padding-top:0;padding-bottom:0\">N\u00e4r mat sl\u00e4ngs, oavsett anledning, blir det <strong>matavfall<\/strong>. En del matavfall kommer alltid att uppst\u00e5 d\u00e5 vi inte kan \u00e4ta allt som ska sorteras ut och l\u00e4ggas i den bruna pappersp\u00e5sen: citrusskal, animaliska ben, \u00e4ggskal, kaffesump, oblekt hush\u00e5llspapper eller tep\u00e5sar. Men en del av matavfallet best\u00e5r av mat vi faktiskt hade kunnat \u00e4ta.<\/p>\n\n\n\n<p>Mat som sl\u00e4ngs trots att den hade kunnat \u00e4tas kallas <strong>matsvinn<\/strong>. Hit r\u00e4knas maten som skrapas av fr\u00e5n tallriken, m\u00f6gliga matrester, den torra br\u00f6dkanten, det sista i yoghurtf\u00f6rpackningen och maten som blivit vidbr\u00e4nd. Hit r\u00e4knas ocks\u00e5 den sista kalla skv\u00e4tten kaffe, den sura mj\u00f6lken och den m\u00f6gliga s\u00e5sen som spolas ner i handfatet eller i toaletten.<\/p>\n\n\n\n<p>Matsvinn \u00e4r allts\u00e5 s\u00e5dan mat vi hade kunnat \u00e4ta om vi tagit b\u00e4ttre tillvara p\u00e5 den &#8211; till exempel genom att \u00e4ta den innan den blev d\u00e5lig, inte br\u00e4nna vid den, inte ta mer \u00e4n vi orkar \u00e4ta upp eller inte gl\u00f6mma bort den i frysen.&nbsp;<\/p>\n\n\n\n<div class=\"wp-block-group is-vertical is-layout-flex wp-container-core-group-is-layout-2 wp-block-group-is-layout-flex\">\n<h2 class=\"wp-block-heading\" id=\"matavfallochmatsvinnisverige\" style=\"font-style:normal;font-weight:700\">Matavfall och matsvinn i Sverige<\/h2>\n\n\n\n<div class=\"wp-block-group is-nowrap is-layout-flex wp-container-core-group-is-layout-1 wp-block-group-is-layout-flex\">\n<p>B\u00e5de matavfall och matsvinn uppst\u00e5r i alla delar av livsmedelskedjan, fr\u00e5n prim\u00e4rproduktionen till hush\u00e5llen. Det \u00e4tbara avfallet som uppst\u00e5r inom prim\u00e4rproduktionen kallas ofta f\u00f6r livsmedelsf\u00f6rluster och inte matsvinn.<\/p>\n\n\n\n<figure class=\"wp-block-image\"><img decoding=\"async\" src=\"https:\/\/matsvinnpaschemat.se\/wp-content\/uploads\/2025\/10\/Matavfall-och-matsvinn_graf_1.png\" alt=\"\"\/><\/figure>\n<\/div>\n<\/div>\n\n\n\n<p>Diagrammet ovan visar m\u00e4ngden <strong>matavfall <\/strong>i Sverige \u00e5r 2023 f\u00f6rdelat \u00f6ver de olika delarna i livsmedelskedjan.<\/p>\n\n\n\n<figure style=\"padding-top:var(--wp--preset--spacing--30);padding-bottom:var(--wp--preset--spacing--30)\" class=\"wp-block-table\"><table class=\"has-fixed-layout\"><tbody><tr><td colspan=\"2\"><strong>Livsmedelsavfall i Sverige \u00e5r 2023<\/strong><\/td><\/tr><tr><td>Prim\u00e4rproduktion<\/td><td>29 000 ton<\/td><\/tr><tr><td>Livsmedelsindustrin<\/td><td>305 00 ton<\/td><\/tr><tr><td>Grossister och e-handel<\/td><td>19 000 ton<\/td><\/tr><tr><td>Livsmedelsbutiker<\/td><td>82 000 ton<\/td><\/tr><tr><td>Restauranger och hotell<\/td><td>111 000 ton<\/td><\/tr><tr><td>Offentlig m\u00e5ltid<\/td><td>38 000 ton<\/td><\/tr><tr><td>Hush\u00e5ll (inkl. mat och dryck i avlopp)<\/td><td>824 000 ton<\/td><\/tr><\/tbody><\/table><\/figure>\n\n\n\n<p>Av diagrammet och tabellen framg\u00e5r att hush\u00e5llen st\u00e5r f\u00f6r de st\u00f6rsta m\u00e4ngderna, f\u00f6ljt av livsmedelsindustrin och d\u00e4refter restaurang och hotell. Minst matavfall uppst\u00e5r i grossistledet.&nbsp;<\/p>\n\n\n\n<p>Det saknas fortfarande data \u00f6ver den <strong>totala m\u00e4ngden matsvinn<\/strong> i Sverige, men vissa delar av livsmedelskedjan \u00e4r b\u00e4ttre utforskade och v\u00e4ldokumenterade \u00e4n andra.<\/p>\n\n\n\n<div class=\"wp-block-group is-vertical is-layout-flex wp-container-core-group-is-layout-3 wp-block-group-is-layout-flex\" style=\"padding-top:var(--wp--preset--spacing--30)\">\n<h3 class=\"wp-block-heading\" style=\"font-style:normal;font-weight:700\">Matsvinn i hush\u00e5llen<\/h3>\n\n\n\n<p>Hush\u00e5llen st\u00e5r f\u00f6r cirka h\u00e4lften av den totala m\u00e4ngden livsmedelsavfall som uppkommer i Sverige under ett \u00e5r (ej inr\u00e4knat livsmedel som spolas ner i avloppet).&nbsp;<\/p>\n\n\n\n<p>I Sverige sl\u00e4nger varje person i genomsnitt 34 kg fullt \u00e4tbar mat per \u00e5r (2024). Av detta \u00e4r 16 kg mat som antingen sorteras ut som matavfall eller sl\u00e4ngs i restavfallet. Resterande 18 kg \u00e4r mat och dryck som spolas ner i avloppet, antingen i vasken eller i toaletten.&nbsp;<\/p>\n\n\n\n<p>16 kg matsvinn motsvarar cirka 36 m\u00e5ltider som hade kunnat r\u00e4ddas.<br>18 kg flytande livsmedel motsvarar cirka 90 koppar kaffe.<\/p>\n\n\n\n<p>De vanligaste livsmedlen som sl\u00e4ngs i hush\u00e5llens matavfall \u00e4r:<\/p>\n<\/div>\n\n\n\n<figure class=\"wp-block-image\"><img decoding=\"async\" src=\"https:\/\/matsvinnpaschemat.se\/wp-content\/uploads\/2025\/10\/Matavfall-och-matsvinn_graf_2.png\" alt=\"\"\/><\/figure>\n\n\n\n<ul class=\"wp-block-list\">\n<li><strong>Frukt och gr\u00f6nsaker <\/strong>(36 %) \u2013 Vanligast \u00e4r potatis, \u00e4pplen, mor\u00f6tter och l\u00f6k<\/li>\n\n\n\n<li><strong>Br\u00f6d och br\u00f6dprodukter<\/strong> (19 %)<\/li>\n\n\n\n<li><strong>\u00d6vrigt \u00e4tbart<\/strong> (15 %) \u2013 Ex. snacks, s\u00e5ser, mj\u00f6l, flingor, fr\u00f6n, kryddor och socker<\/li>\n\n\n\n<li><strong>K\u00f6tt <\/strong>(12 %) \u2013 Vanligast \u00e4r korv och k\u00f6ttp\u00e5l\u00e4gg<\/li>\n\n\n\n<li><strong>Matrester <\/strong>(12 %) \u2013 Rester fr\u00e5n alla typer av m\u00e5ltider<\/li>\n\n\n\n<li><strong>Mejeriprodukter <\/strong>(5 %) \u2013 Vanligast \u00e4r ost<\/li>\n\n\n\n<li><strong>Fisk <\/strong>(1 %)<\/li>\n<\/ul>\n\n\n\n<figure class=\"wp-block-image\"><img decoding=\"async\" src=\"https:\/\/matsvinnpaschemat.se\/wp-content\/uploads\/2025\/10\/Matavfall-och-matsvinn_graf_3.png\" alt=\"\"\/><\/figure>\n\n\n\n<p>De vanligaste flytande livsmedlen som i hush\u00e5llen spolas ner i avloppet:<\/p>\n\n\n\n<ul class=\"wp-block-list\">\n<li><strong>Kaffe\/te<\/strong> (45 %)<\/li>\n\n\n\n<li><strong>Mejeri <\/strong>(21 %)<\/li>\n\n\n\n<li><strong>\u00d6vriga drycker<\/strong> (9 %) \u2013 Ex. saft, l\u00e4sk och alkoholhaltig dryck<\/li>\n\n\n\n<li><strong>Soppor\/s\u00e5ser\/r\u00f6ror<\/strong> (9 %)<\/li>\n\n\n\n<li><strong>Fast matavfall<\/strong> (8 %)<\/li>\n\n\n\n<li><strong>\u00d6vrigt flytande matavfall<\/strong> (4 %) \u2013 Ex. kokosmj\u00f6lk eller r\u00e5a \u00e4gg<\/li>\n\n\n\n<li><strong>S\u00f6tt <\/strong>(3 %) \u2013 Ex. glass eller sylt&nbsp;<\/li>\n<\/ul>\n\n\n\n<div class=\"wp-block-group is-vertical is-layout-flex wp-container-core-group-is-layout-4 wp-block-group-is-layout-flex\" style=\"padding-top:var(--wp--preset--spacing--30);padding-bottom:var(--wp--preset--spacing--30)\">\n<h3 class=\"wp-block-heading\" style=\"font-style:normal;font-weight:700\">Matsvinn i offentlig sektor<\/h3>\n\n\n\n<p>Den totala m\u00e4ngden matavfall i offentliga k\u00f6k \u00e5r 2023 uppgick till 38 000 ton. Exakt hur mycket av detta som \u00e4r matsvinn \u00e4r sv\u00e5rt att s\u00e4ga.&nbsp;<\/p>\n\n\n\n<p>I offentliga k\u00f6k delas matsvinnet vanligtvis in i tre olika kategorier:<\/p>\n\n\n\n<ul class=\"wp-block-list\">\n<li><strong>K\u00f6kssvinn<\/strong>: S\u00e5dant som sl\u00e4ngs n\u00e4r mat f\u00f6rvaras, prepareras och tillagas.<\/li>\n\n\n\n<li><strong>Serveringssvinn<\/strong>: Mat som st\u00e5tt framme i serveringen f\u00f6r m\u00e5ltidsg\u00e4sterna att ta av.<\/li>\n\n\n\n<li><strong>Tallrikssvinn<\/strong>: Mat som skrapas av fr\u00e5n de \u00e4tandes tallrikar.<\/li>\n<\/ul>\n\n\n\n<p>94 % av maten som sl\u00e4ngs fr\u00e5n tallrikarna \u00e4r matsvinn (med undantag fr\u00e5n servetter och ben fr\u00e5n t.ex. kyckling). Det kan antas att \u00e4ven den absoluta majoriteten av serveringssvinnet \u00e4r matsvinn (med undantag f\u00f6r ben). Detsamma g\u00e4ller k\u00f6kssvinnet eftersom offentliga k\u00f6k ofta f\u00e5r leveranser med f\u00e4rdigpreparerade livsmedel.<\/p>\n\n\n\n<p>Hur stor andel av det totala matsvinnet som uppst\u00e5r i de olika kategorierna skiljer sig mellan f\u00f6rskola, grundskola och gymnasium.&nbsp;<\/p>\n\n\n\n<ul class=\"wp-block-list\">\n<li><strong>F\u00f6rskola<\/strong>: Serveringssvinn 46 %, tallrikssvinn 38 %, k\u00f6kssvinn 16 %<\/li>\n\n\n\n<li><strong>Grundskola<\/strong>: Serveringssvinn 37 %, tallrikssvinn 43 %, k\u00f6kssvinn 20 %<\/li>\n\n\n\n<li><strong>Gymnasium<\/strong>: Serveringssvinn 30 %, tallrikssvinn 53 %, k\u00f6kssvinn 17 %<\/li>\n<\/ul>\n\n\n\n<p>P\u00e5 grundskolor och gymnasieskolor utg\u00f6r allts\u00e5 tallrikssvinnet den st\u00f6rsta delen av det totala svinnet medan serveringssvinnet \u00e4r h\u00f6gre \u00e4n tallrikssvinnet i f\u00f6rskolan.&nbsp;<\/p>\n\n\n\n<p>Det \u00e4r viktigt att po\u00e4ngtera \u00e4r att det i f\u00f6rskolan m\u00e5ste finnas utrymme f\u00f6r s\u00e5 kallat <strong>pedagogiskt matsvinn: sm\u00e5 barn beh\u00f6ver f\u00e5 prova nya smaker utan f\u00f6rv\u00e4ntan att \u00e4ta upp.<\/strong><\/p>\n\n\n\n<p>Likas\u00e5 \u00e4r det viktigt att framh\u00e5lla att <strong>skolk\u00f6ken inte tillagar f\u00f6r mycket mat &#8211; problemet handlar snarare om att eleverna \u00e4ter f\u00f6r lite.<\/strong><\/p>\n\n\n\n<p>Plockanalyser visar att 59 % av matsvinnet i skolmatsalar best\u00e5r av pasta, potatis och ris. Endast 9,5 % av matsvinnet utg\u00f6rs av fl\u00e4skk\u00f6tt, n\u00f6tk\u00f6tt, kyckling eller fisk. Trots att de animaliska proteinerna st\u00e5r f\u00f6r under 10 % av den totala m\u00e4ngden matsvinn, st\u00e5r de f\u00f6r 61 % av matsvinnets totala klimatp\u00e5verkan.&nbsp;.&nbsp;<\/p>\n<\/div>\n\n\n\n<hr class=\"wp-block-separator has-alpha-channel-opacity\"\/>\n\n\n\n<h2 class=\"wp-block-heading is-style-default\" style=\"padding-top:var(--wp--preset--spacing--30)\"><span style=\"text-decoration: underline\">K\u00e4llor<\/span><\/h2>\n\n\n\n<div class=\"wp-block-group is-vertical is-layout-flex wp-container-core-group-is-layout-5 wp-block-group-is-layout-flex\" style=\"padding-top:var(--wp--preset--spacing--20);padding-bottom:var(--wp--preset--spacing--20)\">\n<h3 class=\"wp-block-heading\">Matavfall och matsvinn<\/h3>\n\n\n\n<p><a href=\"https:\/\/www.okrab.se\/sortering\/matavfall\/tips-och-rad#:~:text=%C3%85ret%20runt%20%20L%C3%A5t%20bl%C3%B6tt%20avfall%20rinna,%20L%C3%A4gg%20tidningspapper%20i%20botten%20av%20k%C3%A4rlet\">https:\/\/www.okrab.se\/sortering\/matavfall\/tips-och-rad<\/a><\/p>\n\n\n\n<p><a href=\"https:\/\/www.livsmedelsverket.se\/matvanor-halsa--miljo\/matsvinn\/fakta-om-matsvinn\">https:\/\/www.livsmedelsverket.se\/matvanor-halsa&#8211;miljo\/matsvinn\/fakta-om-matsvinn<\/a><\/p>\n<\/div>\n\n\n\n<div class=\"wp-block-group is-vertical is-layout-flex wp-container-core-group-is-layout-6 wp-block-group-is-layout-flex\" style=\"padding-top:var(--wp--preset--spacing--20);padding-bottom:var(--wp--preset--spacing--20)\">\n<h3 class=\"wp-block-heading\">Matavfall och matsvinn i Sverige<\/h3>\n\n\n\n<p><a href=\"https:\/\/www2.jordbruksverket.se\/download\/18.5ffa905917c1449a0ab11e1c\/1632463021255\/ra21_2v3.pdf\">https:\/\/www2.jordbruksverket.se\/download\/18.5ffa905917c1449a0ab11e1c\/1632463021255\/ra21_2v3.pdf<\/a>&nbsp;<\/p>\n\n\n\n<p>Bildk\u00e4lla, diagram \u00f6ver matavfallsm\u00e4ngder fr\u00e5n livsmedelskedjans olika delar: <a href=\"https:\/\/www.naturvardsverket.se\/data-och-statistik\/avfall\/avfall-mat\/\">https:\/\/www.naturvardsverket.se\/data-och-statistik\/avfall\/avfall-mat\/<\/a><\/p>\n<\/div>\n\n\n\n<div class=\"wp-block-group is-vertical is-layout-flex wp-container-core-group-is-layout-7 wp-block-group-is-layout-flex\">\n<h3 class=\"wp-block-heading\">Matsvinn i hush\u00e5llen<\/h3>\n\n\n\n<p><a href=\"https:\/\/www.naturvardsverket.se\/om-oss\/aktuellt\/nyheter-och-pressmeddelanden\/2024\/december\/matsvinnet-minskar-inte\">https:\/\/www.naturvardsverket.se\/om-oss\/aktuellt\/nyheter-och-pressmeddelanden\/2024\/december\/matsvinnet-minskar-inte<\/a><\/p>\n\n\n\n<p><a href=\"https:\/\/www.livsmedelsverket.se\/globalassets\/publikationsdatabas\/rapporter\/2025\/livsmedelsverkets-konsumentundersokning-matsvinn-2024.pdf\">https:\/\/www.livsmedelsverket.se\/globalassets\/publikationsdatabas\/rapporter\/2025\/livsmedelsverkets-konsumentundersokning-matsvinn-2024.pdf<\/a><\/p>\n\n\n\n<p>Bildk\u00e4lla, diagram \u00f6ver vad hush\u00e5llens fasta matsvinn best\u00e5r av: <a href=\"https:\/\/www.livsmedelsverket.se\/globalassets\/publikationsdatabas\/rapporter\/2023\/l-2023-nr-13-vilken-mat-slangs-i-hushallen.pdf\">https:\/\/www.livsmedelsverket.se\/globalassets\/publikationsdatabas\/rapporter\/2023\/l-2023-nr-13-vilken-mat-slangs-i-hushallen.pdf<\/a>&nbsp;<\/p>\n\n\n\n<p>Bildk\u00e4lla, diagram \u00f6ver vad hush\u00e5llens flytande matsvinn best\u00e5r av: <a href=\"https:\/\/www.naturvardsverket.se\/4ac3cf\/globalassets\/media\/publikationer-pdf\/6900\/978-91-620-6983-4.pdf\">https:\/\/www.naturvardsverket.se\/4ac3cf\/globalassets\/media\/publikationer-pdf\/6900\/978-91-620-6983-4.pdf<\/a>&nbsp;<\/p>\n<\/div>\n\n\n\n<div class=\"wp-block-group is-vertical is-layout-flex wp-container-core-group-is-layout-8 wp-block-group-is-layout-flex\" style=\"padding-top:var(--wp--preset--spacing--20);padding-bottom:var(--wp--preset--spacing--20)\">\n<h3 class=\"wp-block-heading\">Matsvinn i offentlig sektor<\/h3>\n\n\n\n<p><a href=\"https:\/\/www.livsmedelsverket.se\/globalassets\/publikationsdatabas\/handbocker-verktyg\/handbok-for-minskat-matsvinn\/handbok-for-minska-matsvinn.pdf\">https:\/\/www.livsmedelsverket.se\/globalassets\/publikationsdatabas\/handbocker-verktyg\/handbok-for-minskat-matsvinn\/handbok-for-minska-matsvinn.pdf<\/a><\/p>\n\n\n\n<p><a href=\"https:\/\/www.livsmedelsverket.se\/globalassets\/publikationsdatabas\/rapporter\/2025\/l-2025-nr-07---matsvinn-i-kommunala-forskolor-och-skolor.pdf\">https:\/\/www.livsmedelsverket.se\/globalassets\/publikationsdatabas\/rapporter\/2025\/l-2025-nr-07&#8212;matsvinn-i-kommunala-forskolor-och-skolor.pdf<\/a><\/p>\n\n\n\n<p><a href=\"https:\/\/www.livsmedelsverket.se\/matvanor-halsa--miljo\/maltider-i-vard-skola-och-omsorg\/matsvinn-i-storkok\/fakta-om-matsvinn-i-offentliga-kok\">https:\/\/www.livsmedelsverket.se\/matvanor-halsa&#8211;miljo\/maltider-i-vard-skola-och-omsorg\/matsvinn-i-storkok\/fakta-om-matsvinn-i-offentliga-kok<\/a><\/p>\n\n\n\n<p><a href=\"https:\/\/www.naturvardsverket.se\/globalassets\/media\/publikationer-pdf\/5900\/978-91-620-5979-8.pdf\">https:\/\/www.naturvardsverket.se\/globalassets\/media\/publikationer-pdf\/5900\/978-91-620-5979-8.pdf<\/a><\/p>\n\n\n\n<p><a href=\"https:\/\/www.sciencedirect.com\/science\/article\/pii\/S0921344924002507\">https:\/\/www.sciencedirect.com\/science\/article\/pii\/S0921344924002507<\/a><\/p>\n<\/div>\n\n\n\n<p><\/p>\n","protected":false},"excerpt":{"rendered":"<p>Matsvinn och matavfall N\u00e4r mat sl\u00e4ngs, oavsett anledning, blir det matavfall. En del matavfall kommer alltid att uppst\u00e5 d\u00e5 vi inte kan \u00e4ta allt som ska sorteras ut och l\u00e4ggas i den bruna pappersp\u00e5sen: citrusskal, animaliska ben, \u00e4ggskal, kaffesump, oblekt hush\u00e5llspapper eller tep\u00e5sar. Men en del av matavfallet best\u00e5r av mat vi faktiskt hade kunnat [&hellip;]<\/p>\n","protected":false},"author":3,"featured_media":0,"parent":0,"menu_order":0,"comment_status":"closed","ping_status":"closed","template":"","meta":{"_monsterinsights_skip_tracking":false,"_monsterinsights_sitenote_active":false,"_monsterinsights_sitenote_note":"","_monsterinsights_sitenote_category":0,"footnotes":""},"class_list":["post-2039","page","type-page","status-publish","hentry"],"aioseo_notices":[],"_links":{"self":[{"href":"https:\/\/matsvinnpaschemat.se\/larare\/wp-json\/wp\/v2\/pages\/2039","targetHints":{"allow":["GET"]}}],"collection":[{"href":"https:\/\/matsvinnpaschemat.se\/larare\/wp-json\/wp\/v2\/pages"}],"about":[{"href":"https:\/\/matsvinnpaschemat.se\/larare\/wp-json\/wp\/v2\/types\/page"}],"author":[{"embeddable":true,"href":"https:\/\/matsvinnpaschemat.se\/larare\/wp-json\/wp\/v2\/users\/3"}],"replies":[{"embeddable":true,"href":"https:\/\/matsvinnpaschemat.se\/larare\/wp-json\/wp\/v2\/comments?post=2039"}],"version-history":[{"count":24,"href":"https:\/\/matsvinnpaschemat.se\/larare\/wp-json\/wp\/v2\/pages\/2039\/revisions"}],"predecessor-version":[{"id":3429,"href":"https:\/\/matsvinnpaschemat.se\/larare\/wp-json\/wp\/v2\/pages\/2039\/revisions\/3429"}],"wp:attachment":[{"href":"https:\/\/matsvinnpaschemat.se\/larare\/wp-json\/wp\/v2\/media?parent=2039"}],"curies":[{"name":"wp","href":"https:\/\/api.w.org\/{rel}","templated":true}]}}