{"id":1972,"date":"2025-09-02T13:45:37","date_gmt":"2025-09-02T13:45:37","guid":{"rendered":"https:\/\/www.matsvinnpaschemat.se\/larare\/?page_id=1972"},"modified":"2026-02-20T13:16:05","modified_gmt":"2026-02-20T13:16:05","slug":"tack","status":"publish","type":"page","link":"https:\/\/matsvinnpaschemat.se\/larare\/tack\/","title":{"rendered":"Tack"},"content":{"rendered":"\n<h1 class=\"wp-block-heading\">Tack<\/h1>\n\n\n\n<p>Vi vill rikta ett stort tack till v\u00e5ra pilotskolor som varit med oss under projektet. Tack f\u00f6r alla kloka tankar och id\u00e9er fr\u00e5n b\u00e5de elever och l\u00e4rare!<\/p>\n\n\n\n<ul class=\"wp-block-list\">\n<li><a href=\"https:\/\/www.backaskolan.se\/\">Backaskolan, Malm\u00f6<\/a><\/li>\n\n\n\n<li><a href=\"https:\/\/www.casamontessori.se\/\">Casa Montessori, Partille<\/a><\/li>\n\n\n\n<li><a href=\"https:\/\/www.jarfalla.se\/skolaochforskola\/skolbarn\/grundskola\/viksjo\/fastebolskolan.4.36ac70f31639ecd947f2f33.html\">Fasterbol-H\u00f6gby, J\u00e4rf\u00e4lla<\/a><\/li>\n\n\n\n<li><a href=\"https:\/\/vellinge.se\/herrestorpskolan\/\">Herretorpskolan, Vellinge<\/a><\/li>\n\n\n\n<li><a href=\"https:\/\/www.gymnasiumskovde.se\/kavelbro\/\">Kavelbrogymnasiet, Sk\u00f6vde<\/a><\/li>\n\n\n\n<li><a href=\"https:\/\/kristofferskolan.se\/\">Kristofferskolan, Bromma<\/a><\/li>\n\n\n\n<li><a href=\"https:\/\/nsutbildning.se\/\">Nyk\u00f6ping Strand Utbildningscentrum, Nyk\u00f6ping<\/a><\/li>\n\n\n\n<li><a href=\"https:\/\/www.sollentuna.se\/uweb\/vaxmoraskolan\/\">Vaxmoraskolan, Sollentuna<\/a><\/li>\n\n\n\n<li><a href=\"https:\/\/www.vibyskolan.se\/\">Vibyskolan, Sollentuna<\/a><\/li>\n\n\n\n<li><a href=\"https:\/\/www.bastad.se\/forskola-och-utbildning\/kommunala-grundskolor\/ostra-karups-skola\/\">\u00d6stra Karups skola, B\u00e5stad<\/a><\/li>\n<\/ul>\n\n\n\n<div style=\"height:30px\" aria-hidden=\"true\" class=\"wp-block-spacer\"><\/div>\n\n\n\n<p>Vi vill \u00e4ven rikta ett stort tack till:<\/p>\n\n\n\n<ul class=\"wp-block-list\">\n<li>V\u00e5r webbyr\u00e5: <a href=\"https:\/\/qte.se\/\">qte<\/a><\/li>\n\n\n\n<li>V\u00e5rt kreativa team: fotograf <a href=\"https:\/\/www.catharinafyrberg.se\/\">Catharina Fyrberg<\/a> och klippare <a href=\"https:\/\/vilding.se\/\">John Andersson<\/a><\/li>\n<\/ul>\n\n\n\n<p><\/p>\n","protected":false},"excerpt":{"rendered":"<p>Tack Vi vill rikta ett stort tack till v\u00e5ra pilotskolor som varit med oss under projektet. Tack f\u00f6r alla kloka tankar och id\u00e9er fr\u00e5n b\u00e5de elever och l\u00e4rare! Vi vill \u00e4ven rikta ett stort tack till:<\/p>\n","protected":false},"author":3,"featured_media":0,"parent":0,"menu_order":0,"comment_status":"closed","ping_status":"closed","template":"","meta":{"_monsterinsights_skip_tracking":false,"_monsterinsights_sitenote_active":false,"_monsterinsights_sitenote_note":"","_monsterinsights_sitenote_category":0,"footnotes":""},"class_list":["post-1972","page","type-page","status-publish","hentry"],"aioseo_notices":[],"_links":{"self":[{"href":"https:\/\/matsvinnpaschemat.se\/larare\/wp-json\/wp\/v2\/pages\/1972","targetHints":{"allow":["GET"]}}],"collection":[{"href":"https:\/\/matsvinnpaschemat.se\/larare\/wp-json\/wp\/v2\/pages"}],"about":[{"href":"https:\/\/matsvinnpaschemat.se\/larare\/wp-json\/wp\/v2\/types\/page"}],"author":[{"embeddable":true,"href":"https:\/\/matsvinnpaschemat.se\/larare\/wp-json\/wp\/v2\/users\/3"}],"replies":[{"embeddable":true,"href":"https:\/\/matsvinnpaschemat.se\/larare\/wp-json\/wp\/v2\/comments?post=1972"}],"version-history":[{"count":7,"href":"https:\/\/matsvinnpaschemat.se\/larare\/wp-json\/wp\/v2\/pages\/1972\/revisions"}],"predecessor-version":[{"id":3403,"href":"https:\/\/matsvinnpaschemat.se\/larare\/wp-json\/wp\/v2\/pages\/1972\/revisions\/3403"}],"wp:attachment":[{"href":"https:\/\/matsvinnpaschemat.se\/larare\/wp-json\/wp\/v2\/media?parent=1972"}],"curies":[{"name":"wp","href":"https:\/\/api.w.org\/{rel}","templated":true}]}}